{"id":10211,"date":"2026-04-11T06:57:44","date_gmt":"2026-04-11T06:57:44","guid":{"rendered":"https:\/\/shop.damao-tech.com\/"},"modified":"2026-04-14T05:36:39","modified_gmt":"2026-04-14T05:36:39","slug":"%d8%a3%d9%82%d9%81%d8%a7%d9%84-%d8%a8%d9%84%d8%a7%d8%b3%d8%aa%d9%8a%d9%83%d9%8a%d8%a9-%d8%b7%d9%88%d9%8a%d9%84%d8%a9-%d8%ad%d8%aa%d9%89-%d8%a7%d9%84%d9%83%d9%88%d8%b9-%d9%85%d8%b9-%d8%ba%d8%b7%d8%a7","status":"publish","type":"product","link":"https:\/\/shop.damao-tech.com\/ar\/product\/%d8%a3%d9%82%d9%81%d8%a7%d9%84-%d8%a8%d9%84%d8%a7%d8%b3%d8%aa%d9%8a%d9%83%d9%8a%d8%a9-%d8%b7%d9%88%d9%8a%d9%84%d8%a9-%d8%ad%d8%aa%d9%89-%d8%a7%d9%84%d9%83%d9%88%d8%b9-%d9%85%d8%b9-%d8%ba%d8%b7%d8%a7\/","title":{"rendered":"\u0642\u0641\u0627\u0632\u0627\u062a \u0637\u0648\u064a\u0644\u0629 \u0627\u0644\u0623\u0643\u0645\u0627\u0645 \u0645\u0639 \u063a\u0637\u0627\u0621 \u0627\u0644\u0645\u0631\u0641\u0642"},"content":{"rendered":"<div style=\"display:grid; grid-template-columns:repeat(2,minmax(0,1fr)); gap:16px; align-items:stretch; width:100%;\">\n<section style=\"grid-column:1 \/ -1; padding:22px; border-radius:18px; background:#f5f5f7;\">\n<p style=\"margin:0 0 10px 0; color:#6b7280; letter-spacing:0.08em; text-transform:uppercase;\">\u062f\u0645\u0648<\/p>\n<h2 style=\"margin:0 0 12px 0; color:#111827;\">\u0642\u0641\u0627\u0632\u0627\u062a \u0637\u0648\u064a\u0644\u0629 \u0627\u0644\u0623\u0643\u0645\u0627\u0645 \u0645\u0639 \u063a\u0637\u0627\u0621 \u0627\u0644\u0645\u0631\u0641\u0642<\/h2>\n<p style=\"margin:0 0 12px 0; color:#4b5563;\">L'une des caract\u00e9ristiques remarquables de ces gants est leur longueur prolong\u00e9e, atteignant jusqu'\u00e0 35 pouces pour une protection et une couverture suppl\u00e9mentaires.<\/p>\n<p style=\"margin:0 0 12px 0; color:#4b5563;\">Que ce soit pour un usage professionnel ou personnel, ces gants offrent la durabilit\u00e9, la protection et la polyvalence n\u00e9cessaires pour g\u00e9rer une large gamme d'activit\u00e9s en toute s\u00e9curit\u00e9 et confortablement.<\/p>\n<\/section>\n<section style=\"grid-column:span 1; padding:20px; border-radius:18px; background:#f5f5f7;\">\n<h3 style=\"margin:0 0 12px 0; color:#111827;\">Why Buyers Choose It<\/h3>\n<ul style=\"margin:0; padding-left:18px; display:grid; gap:10px; color:#4b5563;\">\n<li style=\"margin:0; padding:0;\">Thumb loop or secure cuff support for better coverage<\/li>\n<li style=\"margin:0; padding:0;\">\u0647\u064a\u0643\u0644 \u062a\u0646\u0641\u0633\u064a\u0629 \u0644\u0627\u0631\u062a\u062f\u0627\u0621 \u0645\u0631\u064a\u062d \u0623\u0643\u062b\u0631<\/li>\n<li style=\"margin:0; padding:0;\">\u0635\u0645\u0645\u062a \u0644\u062a\u0643\u0648\u0646 \u0645\u0644\u0627\u0626\u0645\u0629 \u0644\u0644\u0645\u0646\u0627\u0637\u0642 \u0627\u0644\u0635\u0639\u0628\u0629 \u0645\u0646 \u0627\u0644\u0645\u0637\u0628\u062e\u060c \u0627\u0644\u0646\u0638\u0627\u0641\u0629\u060c \u0623\u0648 \u0627\u0644\u0635\u0646\u0627\u0639\u0629<\/li>\n<li style=\"margin:0; padding:0;\">Structure du produit propre pour une \u00e9valuation plus rapide des acheteurs<\/li>\n<\/ul>\n<\/section>\n<section style=\"padding:20px; border-radius:18px; background:#f5f5f7;\">\n<h3 style=\"margin:0 0 12px 0; color:#111827;\">Best Fit<\/h3>\n<ul style=\"margin:0; padding-left:18px; display:grid; gap:10px; color:#4b5563;\">\n<li style=\"margin:0; padding:0;\">Op\u00e9rations quotidiennes<\/li>\n<li style=\"margin:0; padding:0;\">Fourniture en gros<\/li>\n<li style=\"margin:0; padding:0;\">Usage professionnel<\/li>\n<\/ul>\n<\/section>\n<section style=\"padding:20px; border-radius:18px; background:#f5f5f7;\">\n<h3 style=\"margin:0 0 12px 0; color:#111827;\">Quick Specs<\/h3>\n<ul style=\"margin:0; padding:0; list-style:none; display:grid; grid-template-columns:repeat(2,minmax(0,1fr)); gap:10px; align-items:stretch;\">\n<li style=\"margin:0; padding:10px 12px; border-radius:14px; background:#f5f5f7; min-height:56px; display:flex; align-items:flex-start;\">Mat\u00e9riau : Poly<\/li>\n<\/ul>\n<\/section>\n<section style=\"grid-column:span 1; padding:20px; border:1px solid #dbe4f0; border-radius:16px; background:linear-gradient(135deg,#f7f9fc 0%,#eef3f8 100%);\">\n<h3 style=\"margin:0 0 12px 0; color:#111827;\">Wholesale &amp; OEM<\/h3>\n<p style=\"margin:0; color:#4b5563;\">Damao presents this product with clearer buyer-facing structure while supporting bulk ordering, sector-specific supply communication for sourcing teams that want a cleaner, more premium page experience.<\/p>\n<\/section>\n<\/div>","protected":false},"excerpt":{"rendered":"<p><strong>\u0642\u0641\u0627\u0632\u0627\u062a \u0637\u0648\u064a\u0644\u0629 \u0627\u0644\u0623\u0643\u0645\u0627\u0645 \u0645\u0639 \u063a\u0637\u0627\u0621 \u0627\u0644\u0645\u0631\u0641\u0642<\/strong> con\u00e7us par Damao pour l'hygi\u00e8ne, la s\u00e9curit\u00e9 et les op\u00e9rations quotidiennes avec une construction en poly et une protection fiable pour une utilisation quotidienne. Support en gros et OEM disponible.<\/p>","protected":false},"featured_media":346,"comment_status":"closed","ping_status":"closed","template":"","meta":[],"product_brand":[835],"product_cat":[273,303],"product_tag":[],"class_list":{"0":"post-10211","1":"product","2":"type-product","3":"status-publish","4":"has-post-thumbnail","6":"product_brand-damao","7":"product_cat-disposable-gloves","8":"product_cat-pe-gloves","10":"first","11":"instock","12":"shipping-taxable","13":"product-type-simple"},"_links":{"self":[{"href":"https:\/\/shop.damao-tech.com\/ar\/wp-json\/wp\/v2\/product\/10211","targetHints":{"allow":["GET"]}}],"collection":[{"href":"https:\/\/shop.damao-tech.com\/ar\/wp-json\/wp\/v2\/product"}],"about":[{"href":"https:\/\/shop.damao-tech.com\/ar\/wp-json\/wp\/v2\/types\/product"}],"replies":[{"embeddable":true,"href":"https:\/\/shop.damao-tech.com\/ar\/wp-json\/wp\/v2\/comments?post=10211"}],"wp:featuredmedia":[{"embeddable":true,"href":"https:\/\/shop.damao-tech.com\/ar\/wp-json\/wp\/v2\/media\/346"}],"wp:attachment":[{"href":"https:\/\/shop.damao-tech.com\/ar\/wp-json\/wp\/v2\/media?parent=10211"}],"wp:term":[{"taxonomy":"product_brand","embeddable":true,"href":"https:\/\/shop.damao-tech.com\/ar\/wp-json\/wp\/v2\/product_brand?post=10211"},{"taxonomy":"product_cat","embeddable":true,"href":"https:\/\/shop.damao-tech.com\/ar\/wp-json\/wp\/v2\/product_cat?post=10211"},{"taxonomy":"product_tag","embeddable":true,"href":"https:\/\/shop.damao-tech.com\/ar\/wp-json\/wp\/v2\/product_tag?post=10211"}],"curies":[{"name":"wp","href":"https:\/\/api.w.org\/{rel}","templated":true}]}}