{"id":8355,"date":"2023-08-14T01:32:16","date_gmt":"2023-08-14T08:32:16","guid":{"rendered":"https:\/\/damaofh.com\/?page_id=8355"},"modified":"2023-08-14T01:32:16","modified_gmt":"2023-08-14T08:32:16","slug":"ruckgabepolitik","status":"publish","type":"page","link":"https:\/\/shop.damao-tech.com\/de\/ruckgabepolitik\/","title":{"rendered":"R\u00fcckverg\u00fctungsrichtlinie"},"content":{"rendered":"<h3>R\u00fcckverg\u00fctungsrichtlinie<\/h3>\n<p>Vielen Dank, dass Sie sich f\u00fcr unsere Einweg-Schutzprodukte entschieden haben. Bitte lesen Sie die folgenden R\u00fcckgabebedingungen sorgf\u00e4ltig durch, bevor Sie Ihren Kauf t\u00e4tigen.<\/p>\n<h4>1. R\u00fcckgabebeschr\u00e4nkungen<\/h4>\n<p>Da unsere Produkte haupts\u00e4chlich Einweg-Schutzartikel sind, um die Hygiene und Qualit\u00e4tsicherheit zu gew\u00e4hrleisten, werden keine R\u00fcckgaben akzeptiert, sobald das Produkt versendet und verwendet wurde. Diese Politik hilft, die Gesundheit und Sicherheit aller unserer Kunden zu sch\u00fctzen.<\/p>\n<h4>2. R\u00fcckgaben und Umtausch f\u00fcr Unbenutzte Produkte<\/h4>\n<p>Wenn das gekaufte Produkt ungebraucht und unge\u00f6ffnet ist, haben Sie m\u00f6glicherweise Anspruch auf eine R\u00fcckgabe. Solche R\u00fcckgaben m\u00fcssen innerhalb von 7 Tagen nach Erhalt abgeschlossen werden und m\u00fcssen die folgenden Bedingungen erf\u00fcllen:<\/p>\n<ul>\n<li>Das Produkt muss in seinem urspr\u00fcnglichen ungebrauchten und unge\u00f6ffneten Zustand bleiben.<\/li>\n<li>Das Produkt muss zusammen mit der urspr\u00fcnglichen Kaufrechnung zur\u00fcckgegeben werden.<\/li>\n<\/ul>\n<h4>3. Besch\u00e4digte oder falsche Produkte<\/h4>\n<p>Wenn Sie ein defektes Produkt oder eines, das nicht Ihrer Bestellung entspricht, erhalten, werden wir unser Bestes tun, um dies f\u00fcr Sie zu l\u00f6sen. Bitte kontaktieren Sie unser Kundendienstteam innerhalb von 48 Stunden nach Erhalt und stellen Sie relevante Beweise wie Fotos zur Verf\u00fcgung.<\/p>\n<h4>4. R\u00fcckgabeprozess<\/h4>\n<p>Um eine R\u00fcckgabe zu initiieren, kontaktieren Sie bitte unser Kundendienstteam \u00fcber die folgenden Methoden:<\/p>\n<ul>\n<li>E-Mail:<a href=\"mailto:info@shop.damao-tech.com\">info@shop.damao-tech.com<\/a><\/li>\n<li>Telefon: +86 186-6223-1992<\/li>\n<\/ul>\n<p>Wir werden Ihre Situation im Detail besprechen und bei Bedarf weitere R\u00fcckgabeanweisungen geben.<\/p>\n<h4>5. R\u00fcckgabekosten<\/h4>\n<p>Wenn die R\u00fcckgabe dieser Politik entspricht, sind die Kunden f\u00fcr die R\u00fccksendekosten verantwortlich.<\/p>\n<h3>Schlussfolgerung<\/h3>\n<p>Bitte stellen Sie sicher, dass Sie diese R\u00fcckgabepolitik lesen und verstehen, bevor Sie Ihren Kauf t\u00e4tigen. Wenn Sie Fragen haben oder weitere Klarheit ben\u00f6tigen, z\u00f6gern Sie nicht, uns zu kontaktieren. Vielen Dank f\u00fcr Ihr Verst\u00e4ndnis und Ihre Zusammenarbeit.<\/p>","protected":false},"excerpt":{"rendered":"<p>Return Policy Thank you for choosing our disposable protective products. Please read the following return policy carefully before making your purchase. 1. Return Restrictions As our products are primarily disposable protective items, to ensure the hygiene and quality safety, no returns will be accepted once the product has been shipped and used. This policy helps [&#8230;]\n","protected":false},"author":2,"featured_media":0,"parent":0,"menu_order":0,"comment_status":"closed","ping_status":"closed","template":"","meta":{"footnotes":""},"class_list":["post-8355","page","type-page","status-publish","hentry"],"_links":{"self":[{"href":"https:\/\/shop.damao-tech.com\/de\/wp-json\/wp\/v2\/pages\/8355","targetHints":{"allow":["GET"]}}],"collection":[{"href":"https:\/\/shop.damao-tech.com\/de\/wp-json\/wp\/v2\/pages"}],"about":[{"href":"https:\/\/shop.damao-tech.com\/de\/wp-json\/wp\/v2\/types\/page"}],"author":[{"embeddable":true,"href":"https:\/\/shop.damao-tech.com\/de\/wp-json\/wp\/v2\/users\/2"}],"replies":[{"embeddable":true,"href":"https:\/\/shop.damao-tech.com\/de\/wp-json\/wp\/v2\/comments?post=8355"}],"version-history":[{"count":0,"href":"https:\/\/shop.damao-tech.com\/de\/wp-json\/wp\/v2\/pages\/8355\/revisions"}],"wp:attachment":[{"href":"https:\/\/shop.damao-tech.com\/de\/wp-json\/wp\/v2\/media?parent=8355"}],"curies":[{"name":"wp","href":"https:\/\/api.w.org\/{rel}","templated":true}]}}