{"id":10224,"date":"2026-04-11T06:57:44","date_gmt":"2026-04-11T06:57:44","guid":{"rendered":"https:\/\/shop.damao-tech.com\/"},"modified":"2026-04-14T05:38:49","modified_gmt":"2026-04-14T05:38:49","slug":"weise-polyhosen-leichtbau-28-x-47-cm-20-%c2%b5m","status":"publish","type":"product","link":"https:\/\/shop.damao-tech.com\/de\/product\/weise-polyhosen-leichtbau-28-x-47-cm-20-%c2%b5m\/","title":{"rendered":"Wei\u00dfe Poly-Arbeitsm\u00e4ntel Leicht 28 x 47 in 20 um"},"content":{"rendered":"<div style=\"display:grid; grid-template-columns:repeat(2,minmax(0,1fr)); gap:16px; align-items:stretch; width:100%;\">\n<section style=\"grid-column:1 \/ -1; padding:22px; border-radius:18px; background:#f5f5f7;\">\n<p style=\"margin:0 0 10px 0; color:#6b7280; letter-spacing:0.08em; text-transform:uppercase;\">Damao<\/p>\n<h2 style=\"margin:0 0 12px 0; color:#111827;\">Wei\u00dfe Poly-Arbeitsm\u00e4ntel Leicht 28 x 47 in 20 um<\/h2>\n<p style=\"margin:0 0 12px 0; color:#4b5563;\">Unsere Leichtgewichtige Embossierte Poly Schutzhosen sind eine unverzichtbare Erg\u00e4nzung f\u00fcr Umgebungen, in denen Hygiene und Sicherheit von utmost Bedeutung sind.<\/p>\n<p style=\"margin:0 0 12px 0; color:#4b5563;\">Zus\u00e4tzlich stellt der gro\u00dfe Kragen eine k\u00fcltere und komfortablere Trageerfahrung sicher, was sie ideal f\u00fcr l\u00e4ngere Nutzung macht.<\/p>\n<\/section>\n<section style=\"grid-column:span 1; padding:20px; border-radius:18px; background:#f5f5f7;\">\n<h3 style=\"margin:0 0 12px 0; color:#111827;\">Warum K\u00e4ufer es w\u00e4hlen<\/h3>\n<ul style=\"margin:0; padding-left:18px; display:grid; gap:10px; color:#4b5563;\">\n<li style=\"margin:0; padding:0;\">Wasserdichter Schutz vor Spritzern und Kontaminanten<\/li>\n<li style=\"margin:0; padding:0;\">Pr\u00e4geste oder texturierte Oberfl\u00e4che f\u00fcr verbesserten Komfort und Halt<\/li>\n<li style=\"margin:0; padding:0;\">Atmungsaktives Gewebe f\u00fcr komfortableren Tragekomfort<\/li>\n<li style=\"margin:0; padding:0;\">Konzipiert f\u00fcr anspruchsvolle K\u00fcchen-, Reinigungs- oder industrielle Rituale<\/li>\n<\/ul>\n<\/section>\n<section style=\"padding:20px; border-radius:18px; background:#f5f5f7;\">\n<h3 style=\"margin:0 0 12px 0; color:#111827;\">Beste Passform<\/h3>\n<ul style=\"margin:0; padding-left:18px; display:grid; gap:10px; color:#4b5563;\">\n<li style=\"margin:0; padding:0;\">Lebensmittelverarbeitung<\/li>\n<li style=\"margin:0; padding:0;\">Salon- und Friseurstationen<\/li>\n<li style=\"margin:0; padding:0;\">Bereiche f\u00fcr die Zubereitung und den Service von Lebensmitteln<\/li>\n<li style=\"margin:0; padding:0;\">Allgemeine Hygienepflichten<\/li>\n<\/ul>\n<\/section>\n<section style=\"padding:20px; border-radius:18px; background:#f5f5f7;\">\n<h3 style=\"margin:0 0 12px 0; color:#111827;\">Kurzspezifikationen<\/h3>\n<ul style=\"margin:0; padding:0; list-style:none; display:grid; grid-template-columns:repeat(2,minmax(0,1fr)); gap:10px; align-items:stretch;\">\n<li style=\"margin:0; padding:10px 12px; border-radius:14px; background:#f5f5f7; min-height:56px; display:flex; align-items:flex-start;\">Material: Poly<\/li>\n<li style=\"margin:0; padding:10px 12px; border-radius:14px; background:#f5f5f7; min-height:56px; display:flex; align-items:flex-start;\">28 x 47 cm<\/li>\n<li style=\"margin:0; padding:10px 12px; border-radius:14px; background:#f5f5f7; min-height:56px; display:flex; align-items:flex-start;\">20 \u00b5m<\/li>\n<li style=\"margin:0; padding:10px 12px; border-radius:14px; background:#f5f5f7; min-height:56px; display:flex; align-items:flex-start;\">Farbe: Wei\u00df<\/li>\n<li style=\"margin:0; padding:10px 12px; border-radius:14px; background:#f5f5f7; min-height:56px; display:flex; align-items:flex-start;\">Gr\u00f6\u00dfen: Mehrere Gr\u00f6\u00dfenoptionen<\/li>\n<li style=\"margin:0; padding:10px 12px; border-radius:14px; background:#f5f5f7; min-height:56px; display:flex; align-items:flex-start;\">Verpackung: 5000St\u00fck, 10000St\u00fck, 50000St\u00fck, 100000St\u00fck<\/li>\n<\/ul>\n<\/section>\n<section style=\"grid-column:span 1; padding:20px; border:1px solid #dbe4f0; border-radius:16px; background:linear-gradient(135deg,#f7f9fc 0%,#eef3f8 100%);\">\n<h3 style=\"margin:0 0 12px 0; color:#111827;\">Gro\u00dfhandel &amp; OEM<\/h3>\n<p style=\"margin:0; color:#4b5563;\">Damao pr\u00e4sentiert dieses Produkt mit einer klaren K\u00e4uferstruktur und unterst\u00fctzt sektorspezifische Kommunikationskommunikation f\u00fcr Beschaffungsteams, die eine sauberere, premiumere Seitenerfahrung w\u00fcnschen.<\/p>\n<\/section>\n<\/div>","protected":false},"excerpt":{"rendered":"<p><strong>Wei\u00dfe Poly-Arbeitsm\u00e4ntel Leicht 28 x 47 in 20 um<\/strong> von Damao konzipiert f\u00fcr Salon, Gastronomie und Hygienearbeiten mit Poly-Bauweise, wei\u00df, 28 x 47 cm, 20 \u00b5m, und wasserdichter Schutz. Hervorzuheben sind die erhabene Textur f\u00fcr Komfort, sowie die Verf\u00fcherung von Gro\u00dfbestellungen und OEM-Unterst\u00fctzung.<\/p>","protected":false},"featured_media":8574,"comment_status":"closed","ping_status":"closed","template":"","meta":[],"product_brand":[835],"product_cat":[315],"product_tag":[],"class_list":{"0":"post-10224","1":"product","2":"type-product","3":"status-publish","4":"has-post-thumbnail","6":"product_brand-damao","7":"product_cat-plastic-aprons","9":"first","10":"outofstock","11":"shipping-taxable","12":"product-type-variable"},"_links":{"self":[{"href":"https:\/\/shop.damao-tech.com\/de\/wp-json\/wp\/v2\/product\/10224","targetHints":{"allow":["GET"]}}],"collection":[{"href":"https:\/\/shop.damao-tech.com\/de\/wp-json\/wp\/v2\/product"}],"about":[{"href":"https:\/\/shop.damao-tech.com\/de\/wp-json\/wp\/v2\/types\/product"}],"replies":[{"embeddable":true,"href":"https:\/\/shop.damao-tech.com\/de\/wp-json\/wp\/v2\/comments?post=10224"}],"wp:featuredmedia":[{"embeddable":true,"href":"https:\/\/shop.damao-tech.com\/de\/wp-json\/wp\/v2\/media\/8574"}],"wp:attachment":[{"href":"https:\/\/shop.damao-tech.com\/de\/wp-json\/wp\/v2\/media?parent=10224"}],"wp:term":[{"taxonomy":"product_brand","embeddable":true,"href":"https:\/\/shop.damao-tech.com\/de\/wp-json\/wp\/v2\/product_brand?post=10224"},{"taxonomy":"product_cat","embeddable":true,"href":"https:\/\/shop.damao-tech.com\/de\/wp-json\/wp\/v2\/product_cat?post=10224"},{"taxonomy":"product_tag","embeddable":true,"href":"https:\/\/shop.damao-tech.com\/de\/wp-json\/wp\/v2\/product_tag?post=10224"}],"curies":[{"name":"wp","href":"https:\/\/api.w.org\/{rel}","templated":true}]}}