{"id":10236,"date":"2026-04-11T06:57:48","date_gmt":"2026-04-11T06:57:48","guid":{"rendered":"https:\/\/shop.damao-tech.com\/"},"modified":"2026-04-14T05:36:39","modified_gmt":"2026-04-14T05:36:39","slug":"veterinarische-lange-arme-untersuchungsgloves-einmalhandschuhe-35-zoll","status":"publish","type":"product","link":"https:\/\/shop.damao-tech.com\/de\/product\/veterinarische-lange-arme-untersuchungsgloves-einmalhandschuhe-35-zoll\/","title":{"rendered":"Veterin\u00e4r lange Arme Untersuchungshandschuhe Einweg 35 Zoll"},"content":{"rendered":"<div style=\"display:grid; grid-template-columns:repeat(2,minmax(0,1fr)); gap:16px; align-items:stretch; width:100%;\">\n<section style=\"grid-column:1 \/ -1; padding:22px; border-radius:18px; background:#f5f5f7;\">\n<p style=\"margin:0 0 10px 0; color:#6b7280; letter-spacing:0.08em; text-transform:uppercase;\">Damao<\/p>\n<h2 style=\"margin:0 0 12px 0; color:#111827;\">Veterin\u00e4r lange Arme Untersuchungshandschuhe Einweg 35 Zoll<\/h2>\n<p style=\"margin:0 0 12px 0; color:#4b5563;\">Entdecken Sie unsere langlebigen, einmaligen Longarmhandschuhe, die sorgf\u00e4ltig f\u00fcr hervorragenden Schutz und Komfort konstruiert wurden.<\/p>\n<p style=\"margin:0 0 12px 0; color:#4b5563;\">Ein hervorragendes Gef\u00fchl, unaufh\u00f6rliche St\u00e4rke Gefertigt aus einer einzigartigen Mischung aus LDPE und EVA, bietet unser weicher Kunststoff eine au\u00dfergew\u00f6hnliche Tastempfindlichkeit ohne die Elastizit\u00e4t f\u00fcr anspruchsvolle Aufgaben zu opfern.<\/p>\n<\/section>\n<section style=\"grid-column:span 1; padding:20px; border-radius:18px; background:#f5f5f7;\">\n<h3 style=\"margin:0 0 12px 0; color:#111827;\">Warum K\u00e4ufer es w\u00e4hlen<\/h3>\n<ul style=\"margin:0; padding-left:18px; display:grid; gap:10px; color:#4b5563;\">\n<li style=\"margin:0; padding:0;\">Wasserdichter Schutz vor Spritzern und Kontaminanten<\/li>\n<li style=\"margin:0; padding:0;\">Pr\u00e4geste oder texturierte Oberfl\u00e4che f\u00fcr verbesserten Komfort und Halt<\/li>\n<li style=\"margin:0; padding:0;\">Latexfreie Zusammensetzung zur Verringerung von Allergiekoncernen<\/li>\n<li style=\"margin:0; padding:0;\">Staubfreies Handling f\u00fcr sauberere t\u00e4gliche Arbeitsabl\u00e4ufe<\/li>\n<\/ul>\n<\/section>\n<section style=\"padding:20px; border-radius:18px; background:#f5f5f7;\">\n<h3 style=\"margin:0 0 12px 0; color:#111827;\">Beste Passform<\/h3>\n<ul style=\"margin:0; padding-left:18px; display:grid; gap:10px; color:#4b5563;\">\n<li style=\"margin:0; padding:0;\">Laborarbeitsplatz<\/li>\n<li style=\"margin:0; padding:0;\">Tier\u00e4rzte<\/li>\n<li style=\"margin:0; padding:0;\">Zuchtabl\u00e4ufe<\/li>\n<li style=\"margin:0; padding:0;\">Viehhaltung<\/li>\n<\/ul>\n<\/section>\n<section style=\"padding:20px; border-radius:18px; background:#f5f5f7;\">\n<h3 style=\"margin:0 0 12px 0; color:#111827;\">Kurzspezifikationen<\/h3>\n<ul style=\"margin:0; padding:0; list-style:none; display:grid; grid-template-columns:repeat(2,minmax(0,1fr)); gap:10px; align-items:stretch;\">\n<li style=\"margin:0; padding:10px 12px; border-radius:14px; background:#f5f5f7; min-height:56px; display:flex; align-items:flex-start;\">90 cm<\/li>\n<\/ul>\n<\/section>\n<section style=\"grid-column:span 1; padding:20px; border:1px solid #dbe4f0; border-radius:16px; background:linear-gradient(135deg,#f7f9fc 0%,#eef3f8 100%);\">\n<h3 style=\"margin:0 0 12px 0; color:#111827;\">Gro\u00dfhandel &amp; OEM<\/h3>\n<p style=\"margin:0; color:#4b5563;\">Damao pr\u00e4sentiert dieses Produkt mit klarerer K\u00e4uferorientierter Struktur und unterst\u00fctzt Bulk-Bestellungen, sektorspezifische Lieferkommunikation f\u00fcr Einkauf-Teams, die eine sauberere, premiumere Seitenerfahrung w\u00fcnschen.<\/p>\n<\/section>\n<\/div>","protected":false},"excerpt":{"rendered":"<p><strong>Veterin\u00e4r lange Arme Untersuchungshandschuhe Einweg 35 Zoll<\/strong> von Damao konzipiert f\u00fcr veterin\u00e4rische Untersuchungen, Zucht und Tierhaltung mit 90 cm und wasserdichter Schutz. Hervorragende Eigenschaften sind schmerzfreies Handling und die Verf\u00fcgbarkeit von Gro\u00dfhandel und OEM-Unterst\u00fctzung.<\/p>","protected":false},"featured_media":1286,"comment_status":"closed","ping_status":"closed","template":"","meta":[],"product_brand":[835],"product_cat":[273,303],"product_tag":[],"class_list":{"0":"post-10236","1":"product","2":"type-product","3":"status-publish","4":"has-post-thumbnail","6":"product_brand-damao","7":"product_cat-disposable-gloves","8":"product_cat-pe-gloves","10":"first","11":"outofstock","12":"shipping-taxable","13":"product-type-simple"},"_links":{"self":[{"href":"https:\/\/shop.damao-tech.com\/de\/wp-json\/wp\/v2\/product\/10236","targetHints":{"allow":["GET"]}}],"collection":[{"href":"https:\/\/shop.damao-tech.com\/de\/wp-json\/wp\/v2\/product"}],"about":[{"href":"https:\/\/shop.damao-tech.com\/de\/wp-json\/wp\/v2\/types\/product"}],"replies":[{"embeddable":true,"href":"https:\/\/shop.damao-tech.com\/de\/wp-json\/wp\/v2\/comments?post=10236"}],"wp:featuredmedia":[{"embeddable":true,"href":"https:\/\/shop.damao-tech.com\/de\/wp-json\/wp\/v2\/media\/1286"}],"wp:attachment":[{"href":"https:\/\/shop.damao-tech.com\/de\/wp-json\/wp\/v2\/media?parent=10236"}],"wp:term":[{"taxonomy":"product_brand","embeddable":true,"href":"https:\/\/shop.damao-tech.com\/de\/wp-json\/wp\/v2\/product_brand?post=10236"},{"taxonomy":"product_cat","embeddable":true,"href":"https:\/\/shop.damao-tech.com\/de\/wp-json\/wp\/v2\/product_cat?post=10236"},{"taxonomy":"product_tag","embeddable":true,"href":"https:\/\/shop.damao-tech.com\/de\/wp-json\/wp\/v2\/product_tag?post=10236"}],"curies":[{"name":"wp","href":"https:\/\/api.w.org\/{rel}","templated":true}]}}