{"id":10213,"date":"2026-04-11T06:57:44","date_gmt":"2026-04-11T06:57:44","guid":{"rendered":"https:\/\/shop.damao-tech.com\/"},"modified":"2026-04-14T05:36:39","modified_gmt":"2026-04-14T05:36:39","slug":"rollo-de-pelicula-pe-para-embalaje-industrial","status":"publish","type":"product","link":"https:\/\/shop.damao-tech.com\/es\/product\/rollo-de-pelicula-pe-para-embalaje-industrial\/","title":{"rendered":"Cinta de Pel\u00edcula de PE para Empaquetado Industrial"},"content":{"rendered":"<div style=\"display:grid; grid-template-columns:repeat(2,minmax(0,1fr)); gap:16px; align-items:stretch; width:100%;\">\n<section style=\"grid-column:1 \/ -1; padding:22px; border-radius:18px; background:#f5f5f7;\">\n<p style=\"margin:0 0 10px 0; color:#6b7280; letter-spacing:0.08em; text-transform:uppercase;\">Damao<\/p>\n<h2 style=\"margin:0 0 12px 0; color:#111827;\">Cinta de Pel\u00edcula de PE para Empaquetado Industrial<\/h2>\n<p style=\"margin:0 0 12px 0; color:#4b5563;\">s: Presentamos nuestras pel\u00edculas de PE premium, fabricadas con el m\u00e1s alto calidad de Polietileno para satisfacer diversas necesidades.<\/p>\n<p style=\"margin:0 0 12px 0; color:#4b5563;\">Ya sea que busques protecci\u00f3n, empaquetado o aplicaciones especializadas, nuestras soluciones de pel\u00edculas pl\u00e1sticas vers\u00e1tiles te cubren.<\/p>\n<\/section>\n<section style=\"grid-column:span 1; padding:20px; border-radius:18px; background:#f5f5f7;\">\n<h3 style=\"margin:0 0 12px 0; color:#111827;\">Por qu\u00e9 los Compradores Eligen Esto<\/h3>\n<ul style=\"margin:0; padding-left:18px; display:grid; gap:10px; color:#4b5563;\">\n<li style=\"margin:0; padding:0;\">Posicionamiento orientado al contacto con alimentos para manejo de flujos de trabajo<\/li>\n<li style=\"margin:0; padding:0;\">Presentaci\u00f3n t\u00e9cnica estructurada para suministro de empaquetado<\/li>\n<\/ul>\n<\/section>\n<section style=\"padding:20px; border-radius:18px; background:#f5f5f7;\">\n<h3 style=\"margin:0 0 12px 0; color:#111827;\">Mejor Ajuste<\/h3>\n<ul style=\"margin:0; padding-left:18px; display:grid; gap:10px; color:#4b5563;\">\n<li style=\"margin:0; padding:0;\">Procesamiento de alimentos<\/li>\n<li style=\"margin:0; padding:0;\">Flujos de trabajo de empaquetado<\/li>\n<li style=\"margin:0; padding:0;\">Cubrimiento protector<\/li>\n<li style=\"margin:0; padding:0;\">Uso en suministro industrial<\/li>\n<\/ul>\n<\/section>\n<section style=\"padding:20px; border-radius:18px; background:#f5f5f7;\">\n<h3 style=\"margin:0 0 12px 0; color:#111827;\">Especificaciones R\u00e1pidas<\/h3>\n<ul style=\"margin:0; padding:0; list-style:none; display:grid; grid-template-columns:repeat(2,minmax(0,1fr)); gap:10px; align-items:stretch;\">\n<li style=\"margin:0; padding:10px 12px; border-radius:14px; background:#f5f5f7; min-height:56px; display:flex; align-items:flex-start;\">Material: PE<\/li>\n<li style=\"margin:0; padding:10px 12px; border-radius:14px; background:#f5f5f7; min-height:56px; display:flex; align-items:flex-start;\">Color: Blanco<\/li>\n<li style=\"margin:0; padding:10px 12px; border-radius:14px; background:#f5f5f7; min-height:56px; display:flex; align-items:flex-start;\">Tama\u00f1os: 1 tonelada<\/li>\n<li style=\"margin:0; padding:10px 12px; border-radius:14px; background:#f5f5f7; min-height:56px; display:flex; align-items:flex-start;\">Paquete: 1 tonelada<\/li>\n<\/ul>\n<\/section>\n<section style=\"grid-column:span 1; padding:20px; border:1px solid #dbe4f0; border-radius:16px; background:linear-gradient(135deg,#f7f9fc 0%,#eef3f8 100%);\">\n<h3 style=\"margin:0 0 12px 0; color:#111827;\">Mayorista y OEM<\/h3>\n<p style=\"margin:0; color:#4b5563;\">Damao presenta este producto con una estructura m\u00e1s clara orientada al comprador mientras brinda soporte para personalizaci\u00f3n, comunicaci\u00f3n espec\u00edfica del sector para equipos de abastecimiento que desean una experiencia de p\u00e1gina m\u00e1s limpia y premium.<\/p>\n<\/section>\n<\/div>","protected":false},"excerpt":{"rendered":"<p><strong>Cinta de Pel\u00edcula de PE para Empaquetado Industrial<\/strong> por Damao est\u00e1 dise\u00f1ada para aplicaciones de empaquetado, cubrimiento e industrial con construcci\u00f3n de PE, color blanco y rendimiento de material vers\u00e1til. Soporte de mayorista y OEM disponible.<\/p>","protected":false},"featured_media":408,"comment_status":"closed","ping_status":"closed","template":"","meta":[],"product_brand":[835],"product_cat":[325],"product_tag":[],"class_list":{"0":"post-10213","1":"product","2":"type-product","3":"status-publish","4":"has-post-thumbnail","6":"product_brand-damao","7":"product_cat-plastic-film","9":"first","10":"outofstock","11":"shipping-taxable","12":"product-type-variable"},"_links":{"self":[{"href":"https:\/\/shop.damao-tech.com\/es\/wp-json\/wp\/v2\/product\/10213","targetHints":{"allow":["GET"]}}],"collection":[{"href":"https:\/\/shop.damao-tech.com\/es\/wp-json\/wp\/v2\/product"}],"about":[{"href":"https:\/\/shop.damao-tech.com\/es\/wp-json\/wp\/v2\/types\/product"}],"replies":[{"embeddable":true,"href":"https:\/\/shop.damao-tech.com\/es\/wp-json\/wp\/v2\/comments?post=10213"}],"wp:featuredmedia":[{"embeddable":true,"href":"https:\/\/shop.damao-tech.com\/es\/wp-json\/wp\/v2\/media\/408"}],"wp:attachment":[{"href":"https:\/\/shop.damao-tech.com\/es\/wp-json\/wp\/v2\/media?parent=10213"}],"wp:term":[{"taxonomy":"product_brand","embeddable":true,"href":"https:\/\/shop.damao-tech.com\/es\/wp-json\/wp\/v2\/product_brand?post=10213"},{"taxonomy":"product_cat","embeddable":true,"href":"https:\/\/shop.damao-tech.com\/es\/wp-json\/wp\/v2\/product_cat?post=10213"},{"taxonomy":"product_tag","embeddable":true,"href":"https:\/\/shop.damao-tech.com\/es\/wp-json\/wp\/v2\/product_tag?post=10213"}],"curies":[{"name":"wp","href":"https:\/\/api.w.org\/{rel}","templated":true}]}}