{"id":10235,"date":"2026-04-11T06:57:48","date_gmt":"2026-04-11T06:57:48","guid":{"rendered":"https:\/\/shop.damao-tech.com\/"},"modified":"2026-04-14T05:36:39","modified_gmt":"2026-04-14T05:36:39","slug":"guantes-de-latex-domesticos-resistentes-comodos-reusables","status":"publish","type":"product","link":"https:\/\/shop.damao-tech.com\/es\/product\/guantes-de-latex-domesticos-resistentes-comodos-reusables\/","title":{"rendered":"Guantes de Latex Dom\u00e9sticos Durable y C\u00f3modos Reusables"},"content":{"rendered":"<div style=\"display:grid; grid-template-columns:repeat(2,minmax(0,1fr)); gap:16px; align-items:stretch; width:100%;\">\n<section style=\"grid-column:1 \/ -1; padding:22px; border-radius:18px; background:#f5f5f7;\">\n<p style=\"margin:0 0 10px 0; color:#6b7280; letter-spacing:0.08em; text-transform:uppercase;\">Damao<\/p>\n<h2 style=\"margin:0 0 12px 0; color:#111827;\">Guantes de Latex Dom\u00e9sticos Durable y C\u00f3modos Reusables<\/h2>\n<p style=\"margin:0 0 12px 0; color:#4b5563;\">Guantes de Latex Dom\u00e9sticos Duras y C\u00f3modos Reusables con buena resistencia a la abrasi\u00f3n.<\/p>\n<p style=\"margin:0 0 12px 0; color:#4b5563;\">Forrada de algod\u00f3n 100% resistente y flexible.<\/p>\n<\/section>\n<section style=\"grid-column:span 1; padding:20px; border-radius:18px; background:#f5f5f7;\">\n<h3 style=\"margin:0 0 12px 0; color:#111827;\">Por qu\u00e9 los Compradores Eligen Esto<\/h3>\n<ul style=\"margin:0; padding-left:18px; display:grid; gap:10px; color:#4b5563;\">\n<li style=\"margin:0; padding:0;\">Confortable ajuste que mejora la sensibilidad t\u00e1ctil<\/li>\n<li style=\"margin:0; padding:0;\">Estructura respirable para un uso m\u00e1s c\u00f3modo<\/li>\n<li style=\"margin:0; padding:0;\">Dise\u00f1ado para rutinas exigentes de cocina, limpieza o industrial<\/li>\n<li style=\"margin:0; padding:0;\">Protecci\u00f3n orientada a la forraje duradera para trabajo utilitario<\/li>\n<\/ul>\n<\/section>\n<section style=\"padding:20px; border-radius:18px; background:#f5f5f7;\">\n<h3 style=\"margin:0 0 12px 0; color:#111827;\">Mejor Ajuste<\/h3>\n<ul style=\"margin:0; padding-left:18px; display:grid; gap:10px; color:#4b5563;\">\n<li style=\"margin:0; padding:0;\">Tareas de mantenimiento<\/li>\n<li style=\"margin:0; padding:0;\">Limpieza y sanidad<\/li>\n<li style=\"margin:0; padding:0;\">Trabajo utilitario<\/li>\n<li style=\"margin:0; padding:0;\">Manejo industrial<\/li>\n<\/ul>\n<\/section>\n<section style=\"padding:20px; border-radius:18px; background:#f5f5f7;\">\n<h3 style=\"margin:0 0 12px 0; color:#111827;\">Especificaciones R\u00e1pidas<\/h3>\n<ul style=\"margin:0; padding:0; list-style:none; display:grid; grid-template-columns:repeat(2,minmax(0,1fr)); gap:10px; align-items:stretch;\">\n<li style=\"margin:0; padding:10px 12px; border-radius:14px; background:#f5f5f7; min-height:56px; display:flex; align-items:flex-start;\">Material: L\u00e1tex<\/li>\n<\/ul>\n<\/section>\n<section style=\"grid-column:span 1; padding:20px; border:1px solid #dbe4f0; border-radius:16px; background:linear-gradient(135deg,#f7f9fc 0%,#eef3f8 100%);\">\n<h3 style=\"margin:0 0 12px 0; color:#111827;\">Mayorista y OEM<\/h3>\n<p style=\"margin:0; color:#4b5563;\">Damao presenta este producto con una estructura m\u00e1s clara para el comprador mientras apoya el soporte OEM, suministro mayorista, pedidos repetidos para equipos de abastecimiento que desean una experiencia de p\u00e1gina m\u00e1s limpia y premium.<\/p>\n<\/section>\n<\/div>","protected":false},"excerpt":{"rendered":"<p><strong>Guantes de Latex Dom\u00e9sticos Durable y C\u00f3modos Reusables<\/strong> por Damao est\u00e1n dise\u00f1ados para tareas de limpieza, utilidad e industriales con construcci\u00f3n de Latex y buena sensibilidad t\u00e1ctil. Destaca la protecci\u00f3n duradera forrada, con soporte de mayorista y OEM disponible.<\/p>","protected":false},"featured_media":8571,"comment_status":"closed","ping_status":"closed","template":"","meta":[],"product_brand":[835],"product_cat":[436],"product_tag":[],"class_list":{"0":"post-10235","1":"product","2":"type-product","3":"status-publish","4":"has-post-thumbnail","6":"product_brand-damao","7":"product_cat-flocklined-gloves","9":"first","10":"instock","11":"shipping-taxable","12":"product-type-simple"},"_links":{"self":[{"href":"https:\/\/shop.damao-tech.com\/es\/wp-json\/wp\/v2\/product\/10235","targetHints":{"allow":["GET"]}}],"collection":[{"href":"https:\/\/shop.damao-tech.com\/es\/wp-json\/wp\/v2\/product"}],"about":[{"href":"https:\/\/shop.damao-tech.com\/es\/wp-json\/wp\/v2\/types\/product"}],"replies":[{"embeddable":true,"href":"https:\/\/shop.damao-tech.com\/es\/wp-json\/wp\/v2\/comments?post=10235"}],"wp:featuredmedia":[{"embeddable":true,"href":"https:\/\/shop.damao-tech.com\/es\/wp-json\/wp\/v2\/media\/8571"}],"wp:attachment":[{"href":"https:\/\/shop.damao-tech.com\/es\/wp-json\/wp\/v2\/media?parent=10235"}],"wp:term":[{"taxonomy":"product_brand","embeddable":true,"href":"https:\/\/shop.damao-tech.com\/es\/wp-json\/wp\/v2\/product_brand?post=10235"},{"taxonomy":"product_cat","embeddable":true,"href":"https:\/\/shop.damao-tech.com\/es\/wp-json\/wp\/v2\/product_cat?post=10235"},{"taxonomy":"product_tag","embeddable":true,"href":"https:\/\/shop.damao-tech.com\/es\/wp-json\/wp\/v2\/product_tag?post=10235"}],"curies":[{"name":"wp","href":"https:\/\/api.w.org\/{rel}","templated":true}]}}