{"id":10247,"date":"2026-04-11T06:57:49","date_gmt":"2026-04-11T06:57:49","guid":{"rendered":"https:\/\/shop.damao-tech.com\/"},"modified":"2026-04-14T05:36:38","modified_gmt":"2026-04-14T05:36:38","slug":"guantes-desechables-de-polietileno-de-poliuretano-azul-cpe","status":"publish","type":"product","link":"https:\/\/shop.damao-tech.com\/es\/product\/guantes-desechables-de-polietileno-de-poliuretano-azul-cpe\/","title":{"rendered":"Guantes desechables de polietileno de alta densidad CPE azul"},"content":{"rendered":"<div style=\"display:grid; grid-template-columns:repeat(2,minmax(0,1fr)); gap:16px; align-items:stretch; width:100%;\">\n<section style=\"grid-column:1 \/ -1; padding:22px; border-radius:18px; background:#f5f5f7;\">\n<p style=\"margin:0 0 10px 0; color:#6b7280; letter-spacing:0.08em; text-transform:uppercase;\">Damao<\/p>\n<h2 style=\"margin:0 0 12px 0; color:#111827;\">Guantes desechables de polietileno de alta densidad CPE azul<\/h2>\n<p style=\"margin:0 0 12px 0; color:#4b5563;\">tabla de tallas de guantes de CPE M material: el polietileno de cast (CPE) es un material sint\u00e9tico conocido por su suavidad, flexibilidad y durabilidad. .<\/p>\n<\/section>\n<section style=\"grid-column:span 1; padding:20px; border-radius:18px; background:#f5f5f7;\">\n<h3 style=\"margin:0 0 12px 0; color:#111827;\">Por qu\u00e9 los Compradores Eligen Esto<\/h3>\n<ul style=\"margin:0; padding-left:18px; display:grid; gap:10px; color:#4b5563;\">\n<li style=\"margin:0; padding:0;\">opci\u00f3n ligera desechable para tareas de cambio r\u00e1pido<\/li>\n<\/ul>\n<\/section>\n<section style=\"padding:20px; border-radius:18px; background:#f5f5f7;\">\n<h3 style=\"margin:0 0 12px 0; color:#111827;\">Mejor Ajuste<\/h3>\n<ul style=\"margin:0; padding-left:18px; display:grid; gap:10px; color:#4b5563;\">\n<li style=\"margin:0; padding:0;\">Manejo de alimentos<\/li>\n<li style=\"margin:0; padding:0;\">estaciones de higiene<\/li>\n<li style=\"margin:0; padding:0;\">tareas de limpieza de cambio r\u00e1pido<\/li>\n<\/ul>\n<\/section>\n<section style=\"padding:20px; border-radius:18px; background:#f5f5f7;\">\n<h3 style=\"margin:0 0 12px 0; color:#111827;\">Especificaciones R\u00e1pidas<\/h3>\n<ul style=\"margin:0; padding:0; list-style:none; display:grid; grid-template-columns:repeat(2,minmax(0,1fr)); gap:10px; align-items:stretch;\">\n<li style=\"margin:0; padding:10px 12px; border-radius:14px; background:#f5f5f7; min-height:56px; display:flex; align-items:flex-start;\">Material: CPE<\/li>\n<li style=\"margin:0; padding:10px 12px; border-radius:14px; background:#f5f5f7; min-height:56px; display:flex; align-items:flex-start;\">Color: Azul<\/li>\n<\/ul>\n<\/section>\n<section style=\"grid-column:span 1; padding:20px; border:1px solid #dbe4f0; border-radius:16px; background:linear-gradient(135deg,#f7f9fc 0%,#eef3f8 100%);\">\n<h3 style=\"margin:0 0 12px 0; color:#111827;\">Mayorista y OEM<\/h3>\n<p style=\"margin:0; color:#4b5563;\">Damao presenta este producto con una estructura m\u00e1s clara para el comprador mientras apoya el soporte OEM, suministro mayorista, pedidos repetidos para equipos de abastecimiento que desean una experiencia de p\u00e1gina m\u00e1s limpia y premium.<\/p>\n<\/section>\n<\/div>","protected":false},"excerpt":{"rendered":"<p><strong>Guantes desechables de polietileno de alta densidad CPE azul<\/strong> por Damao est\u00e1n dise\u00f1ados para el manejo de alimentos, limpieza y estaciones de higiene con construcci\u00f3n de CPE, color azul y manejo sin polvo. Destaca el agarre texturizado para un mejor control, con soporte al por mayor y OEM disponible.<\/p>","protected":false},"featured_media":8761,"comment_status":"closed","ping_status":"closed","template":"","meta":[],"product_brand":[835],"product_cat":[425,273],"product_tag":[],"class_list":{"0":"post-10247","1":"product","2":"type-product","3":"status-publish","4":"has-post-thumbnail","6":"product_brand-damao","7":"product_cat-cpe-gloves","8":"product_cat-disposable-gloves","10":"first","11":"instock","12":"shipping-taxable","13":"product-type-simple"},"_links":{"self":[{"href":"https:\/\/shop.damao-tech.com\/es\/wp-json\/wp\/v2\/product\/10247","targetHints":{"allow":["GET"]}}],"collection":[{"href":"https:\/\/shop.damao-tech.com\/es\/wp-json\/wp\/v2\/product"}],"about":[{"href":"https:\/\/shop.damao-tech.com\/es\/wp-json\/wp\/v2\/types\/product"}],"replies":[{"embeddable":true,"href":"https:\/\/shop.damao-tech.com\/es\/wp-json\/wp\/v2\/comments?post=10247"}],"wp:featuredmedia":[{"embeddable":true,"href":"https:\/\/shop.damao-tech.com\/es\/wp-json\/wp\/v2\/media\/8761"}],"wp:attachment":[{"href":"https:\/\/shop.damao-tech.com\/es\/wp-json\/wp\/v2\/media?parent=10247"}],"wp:term":[{"taxonomy":"product_brand","embeddable":true,"href":"https:\/\/shop.damao-tech.com\/es\/wp-json\/wp\/v2\/product_brand?post=10247"},{"taxonomy":"product_cat","embeddable":true,"href":"https:\/\/shop.damao-tech.com\/es\/wp-json\/wp\/v2\/product_cat?post=10247"},{"taxonomy":"product_tag","embeddable":true,"href":"https:\/\/shop.damao-tech.com\/es\/wp-json\/wp\/v2\/product_tag?post=10247"}],"curies":[{"name":"wp","href":"https:\/\/api.w.org\/{rel}","templated":true}]}}