{"id":10251,"date":"2026-04-11T06:57:49","date_gmt":"2026-04-11T06:57:49","guid":{"rendered":"https:\/\/shop.damao-tech.com\/"},"modified":"2026-04-14T05:36:38","modified_gmt":"2026-04-14T05:36:38","slug":"guantes-veterinarios-naranjas-con-bandas-de-goma-desechables","status":"publish","type":"product","link":"https:\/\/shop.damao-tech.com\/es\/product\/guantes-veterinarios-naranjas-con-bandas-de-goma-desechables\/","title":{"rendered":"Golosines Naranja Veterinarios con Cintas de Goma Desechables"},"content":{"rendered":"<div style=\"display:grid; grid-template-columns:repeat(2,minmax(0,1fr)); gap:16px; align-items:stretch; width:100%;\">\n<section style=\"grid-column:1 \/ -1; padding:22px; border-radius:18px; background:#f5f5f7;\">\n<p style=\"margin:0 0 10px 0; color:#6b7280; letter-spacing:0.08em; text-transform:uppercase;\">Damao<\/p>\n<h2 style=\"margin:0 0 12px 0; color:#111827;\">Golosines Naranja Veterinarios con Cintas de Goma Desechables<\/h2>\n<p style=\"margin:0 0 12px 0; color:#4b5563;\">Guantes Veterinarios Naranja con Cintas de Goma Desechables por Damao se presentan ahora en un dise\u00f1o m\u00e1s limpio y estructurado, dise\u00f1ado para equilibrar la claridad SEO con una experiencia de compra premium.<\/p>\n<\/section>\n<section style=\"grid-column:span 1; padding:20px; border-radius:18px; background:#f5f5f7;\">\n<h3 style=\"margin:0 0 12px 0; color:#111827;\">Por qu\u00e9 los Compradores Eligen Esto<\/h3>\n<ul style=\"margin:0; padding-left:18px; display:grid; gap:10px; color:#4b5563;\">\n<li style=\"margin:0; padding:0;\">Cobertura de alcance extendido para manejo especializado<\/li>\n<\/ul>\n<\/section>\n<section style=\"padding:20px; border-radius:18px; background:#f5f5f7;\">\n<h3 style=\"margin:0 0 12px 0; color:#111827;\">Mejor Ajuste<\/h3>\n<ul style=\"margin:0; padding-left:18px; display:grid; gap:10px; color:#4b5563;\">\n<li style=\"margin:0; padding:0;\">Ex\u00e1menes veterinarios<\/li>\n<li style=\"margin:0; padding:0;\">Flujos de trabajo de cr\u00eda<\/li>\n<li style=\"margin:0; padding:0;\">Manejo de ganado<\/li>\n<\/ul>\n<\/section>\n<section style=\"padding:20px; border-radius:18px; background:#f5f5f7;\">\n<h3 style=\"margin:0 0 12px 0; color:#111827;\">Especificaciones R\u00e1pidas<\/h3>\n<ul style=\"margin:0; padding:0; list-style:none; display:grid; grid-template-columns:repeat(2,minmax(0,1fr)); gap:10px; align-items:stretch;\">\n<li style=\"margin:0; padding:10px 12px; border-radius:14px; background:#f5f5f7; min-height:56px; display:flex; align-items:flex-start;\">Color: Naranja<\/li>\n<\/ul>\n<\/section>\n<section style=\"grid-column:span 1; padding:20px; border:1px solid #dbe4f0; border-radius:16px; background:linear-gradient(135deg,#f7f9fc 0%,#eef3f8 100%);\">\n<h3 style=\"margin:0 0 12px 0; color:#111827;\">Mayorista y OEM<\/h3>\n<p style=\"margin:0; color:#4b5563;\">Damao presenta este producto con una estructura m\u00e1s clara para el comprador mientras apoya el soporte OEM, suministro mayorista, pedidos repetidos para equipos de abastecimiento que desean una experiencia de p\u00e1gina m\u00e1s limpia y premium.<\/p>\n<\/section>\n<\/div>","protected":false},"excerpt":{"rendered":"<p><strong>Golosines Naranja Veterinarios con Cintas de Goma Desechables<\/strong> por Damao est\u00e1n dise\u00f1ados para ex\u00e1menes veterinarios, cr\u00eda y manejo de ganado con color naranja y buena sensibilidad t\u00e1ctil. Destaca la protecci\u00f3n desechable de alcance extendido, con soporte al por mayor y OEM disponible.<\/p>","protected":false},"featured_media":8844,"comment_status":"closed","ping_status":"closed","template":"","meta":[],"product_brand":[835],"product_cat":[273,303],"product_tag":[],"class_list":{"0":"post-10251","1":"product","2":"type-product","3":"status-publish","4":"has-post-thumbnail","6":"product_brand-damao","7":"product_cat-disposable-gloves","8":"product_cat-pe-gloves","10":"first","11":"instock","12":"shipping-taxable","13":"product-type-simple"},"_links":{"self":[{"href":"https:\/\/shop.damao-tech.com\/es\/wp-json\/wp\/v2\/product\/10251","targetHints":{"allow":["GET"]}}],"collection":[{"href":"https:\/\/shop.damao-tech.com\/es\/wp-json\/wp\/v2\/product"}],"about":[{"href":"https:\/\/shop.damao-tech.com\/es\/wp-json\/wp\/v2\/types\/product"}],"replies":[{"embeddable":true,"href":"https:\/\/shop.damao-tech.com\/es\/wp-json\/wp\/v2\/comments?post=10251"}],"wp:featuredmedia":[{"embeddable":true,"href":"https:\/\/shop.damao-tech.com\/es\/wp-json\/wp\/v2\/media\/8844"}],"wp:attachment":[{"href":"https:\/\/shop.damao-tech.com\/es\/wp-json\/wp\/v2\/media?parent=10251"}],"wp:term":[{"taxonomy":"product_brand","embeddable":true,"href":"https:\/\/shop.damao-tech.com\/es\/wp-json\/wp\/v2\/product_brand?post=10251"},{"taxonomy":"product_cat","embeddable":true,"href":"https:\/\/shop.damao-tech.com\/es\/wp-json\/wp\/v2\/product_cat?post=10251"},{"taxonomy":"product_tag","embeddable":true,"href":"https:\/\/shop.damao-tech.com\/es\/wp-json\/wp\/v2\/product_tag?post=10251"}],"curies":[{"name":"wp","href":"https:\/\/api.w.org\/{rel}","templated":true}]}}