{"id":10252,"date":"2026-04-11T06:57:49","date_gmt":"2026-04-11T06:57:49","guid":{"rendered":"https:\/\/shop.damao-tech.com\/"},"modified":"2026-04-14T05:36:38","modified_gmt":"2026-04-14T05:36:38","slug":"plato-biodegradable-para-empaque-y-delivery","status":"publish","type":"product","link":"https:\/\/shop.damao-tech.com\/es\/product\/plato-biodegradable-para-empaque-y-delivery\/","title":{"rendered":"Caja de Almuerzo Biodegradable de PLA para Empaquetado y Takeout"},"content":{"rendered":"<div style=\"display:grid; grid-template-columns:repeat(2,minmax(0,1fr)); gap:16px; align-items:stretch; width:100%;\">\n<section style=\"grid-column:1 \/ -1; padding:22px; border-radius:18px; background:#f5f5f7;\">\n<p style=\"margin:0 0 10px 0; color:#6b7280; letter-spacing:0.08em; text-transform:uppercase;\">Damao<\/p>\n<h2 style=\"margin:0 0 12px 0; color:#111827;\">Caja de Almuerzo Biodegradable de PLA para Empaquetado y Takeout<\/h2>\n<p style=\"margin:0 0 12px 0; color:#4b5563;\">La caja cuadrada biodegradable, elaborada con materiales ecol\u00f3gicos derivados de recursos renovables como el ma\u00edz, la ra\u00edz de tapioca o la ca\u00f1a de az\u00facar, ofrece resistencia al calor, resistencia a ara\u00f1azos y resistencia a impactos.<\/p>\n<\/section>\n<section style=\"grid-column:span 1; padding:20px; border-radius:18px; background:#f5f5f7;\">\n<h3 style=\"margin:0 0 12px 0; color:#111827;\">Por qu\u00e9 los Compradores Eligen Esto<\/h3>\n<ul style=\"margin:0; padding-left:18px; display:grid; gap:10px; color:#4b5563;\">\n<li style=\"margin:0; padding:0;\">Orientaci\u00f3n de materiales conscientes con el medio ambiente para necesidades de suministro de menor impacto<\/li>\n<li style=\"margin:0; padding:0;\">Posicionamiento de embalaje orientado a un ecosistema limpio<\/li>\n<\/ul>\n<\/section>\n<section style=\"padding:20px; border-radius:18px; background:#f5f5f7;\">\n<h3 style=\"margin:0 0 12px 0; color:#111827;\">Mejor Ajuste<\/h3>\n<ul style=\"margin:0; padding-left:18px; display:grid; gap:10px; color:#4b5563;\">\n<li style=\"margin:0; padding:0;\">Comidas para llevar<\/li>\n<li style=\"margin:0; padding:0;\">Embalaje para entrega<\/li>\n<li style=\"margin:0; padding:0;\">Servicio de alimentos en grandes cantidades<\/li>\n<\/ul>\n<\/section>\n<section style=\"padding:20px; border-radius:18px; background:#f5f5f7;\">\n<h3 style=\"margin:0 0 12px 0; color:#111827;\">Especificaciones R\u00e1pidas<\/h3>\n<ul style=\"margin:0; padding:0; list-style:none; display:grid; grid-template-columns:repeat(2,minmax(0,1fr)); gap:10px; align-items:stretch;\">\n<li style=\"margin:0; padding:10px 12px; border-radius:14px; background:#f5f5f7; min-height:56px; display:flex; align-items:flex-start;\">Material: PLA<\/li>\n<\/ul>\n<\/section>\n<section style=\"grid-column:span 1; padding:20px; border:1px solid #dbe4f0; border-radius:16px; background:linear-gradient(135deg,#f7f9fc 0%,#eef3f8 100%);\">\n<h3 style=\"margin:0 0 12px 0; color:#111827;\">Mayorista y OEM<\/h3>\n<p style=\"margin:0; color:#4b5563;\">Damao presenta este producto con una estructura m\u00e1s clara orientada al comprador mientras brinda soporte de personalizaci\u00f3n, pedidos en grandes cantidades para equipos de abastecimiento que desean una experiencia de p\u00e1gina m\u00e1s limpia y premium.<\/p>\n<\/section>\n<\/div>","protected":false},"excerpt":{"rendered":"<p><strong>Caja de Almuerzo Biodegradable de PLA para Empaquetado y Takeout<\/strong> por Damao est\u00e1 dise\u00f1ada para llevar, entrega y servicio de comidas con construcci\u00f3n en PLA y elecci\u00f3n de materiales conscientes con el medio ambiente. Destaca en el rendimiento de embalaje biodegradable, con soporte de mayoristas y OEM disponibles.<\/p>","protected":false},"featured_media":8867,"comment_status":"closed","ping_status":"closed","template":"","meta":[],"product_brand":[835],"product_cat":[268],"product_tag":[],"class_list":{"0":"post-10252","1":"product","2":"type-product","3":"status-publish","4":"has-post-thumbnail","6":"product_brand-damao","7":"product_cat-uncategorized","9":"first","10":"instock","11":"shipping-taxable","12":"product-type-simple"},"_links":{"self":[{"href":"https:\/\/shop.damao-tech.com\/es\/wp-json\/wp\/v2\/product\/10252","targetHints":{"allow":["GET"]}}],"collection":[{"href":"https:\/\/shop.damao-tech.com\/es\/wp-json\/wp\/v2\/product"}],"about":[{"href":"https:\/\/shop.damao-tech.com\/es\/wp-json\/wp\/v2\/types\/product"}],"replies":[{"embeddable":true,"href":"https:\/\/shop.damao-tech.com\/es\/wp-json\/wp\/v2\/comments?post=10252"}],"wp:featuredmedia":[{"embeddable":true,"href":"https:\/\/shop.damao-tech.com\/es\/wp-json\/wp\/v2\/media\/8867"}],"wp:attachment":[{"href":"https:\/\/shop.damao-tech.com\/es\/wp-json\/wp\/v2\/media?parent=10252"}],"wp:term":[{"taxonomy":"product_brand","embeddable":true,"href":"https:\/\/shop.damao-tech.com\/es\/wp-json\/wp\/v2\/product_brand?post=10252"},{"taxonomy":"product_cat","embeddable":true,"href":"https:\/\/shop.damao-tech.com\/es\/wp-json\/wp\/v2\/product_cat?post=10252"},{"taxonomy":"product_tag","embeddable":true,"href":"https:\/\/shop.damao-tech.com\/es\/wp-json\/wp\/v2\/product_tag?post=10252"}],"curies":[{"name":"wp","href":"https:\/\/api.w.org\/{rel}","templated":true}]}}