{"id":8355,"date":"2023-08-14T01:32:16","date_gmt":"2023-08-14T08:32:16","guid":{"rendered":"https:\/\/damaofh.com\/?page_id=8355"},"modified":"2023-08-14T01:32:16","modified_gmt":"2023-08-14T08:32:16","slug":"politique-de-retour","status":"publish","type":"page","link":"https:\/\/shop.damao-tech.com\/fr\/politique-de-retour\/","title":{"rendered":"Politique de retour"},"content":{"rendered":"<h3>Politique de retour<\/h3>\n<p>Merci d&#039;avoir choisi nos produits de protection jetables. Veuillez lire attentivement la politique de retour ci-dessous avant d&#039;effectuer votre achat.<\/p>\n<h4>1. Restrictions de retour<\/h4>\n<p>Nos produits \u00e9tant principalement des articles de protection jetables, afin de garantir l&#039;hygi\u00e8ne et la s\u00e9curit\u00e9, aucun retour ne sera accept\u00e9 une fois le produit exp\u00e9di\u00e9 et utilis\u00e9. Cette politique contribue \u00e0 pr\u00e9server la sant\u00e9 et la s\u00e9curit\u00e9 de tous nos clients.<\/p>\n<h4>2. Retours et \u00e9changes de produits non utilis\u00e9s<\/h4>\n<p>Si le produit que vous avez achet\u00e9 n&#039;a pas \u00e9t\u00e9 ouvert ni utilis\u00e9, vous pouvez peut-\u00eatre le retourner. Ce retour doit \u00eatre effectu\u00e9 dans les 7 jours suivant la r\u00e9ception et doit respecter les conditions suivantes\u00a0:<\/p>\n<ul>\n<li>Le produit doit rester dans son \u00e9tat d&#039;origine non ouvert.<\/li>\n<li>Le produit doit \u00eatre retourn\u00e9 avec la facture d&#039;achat originale.<\/li>\n<\/ul>\n<h4>3. Produits endommag\u00e9s ou incorrects<\/h4>\n<p>Si vous recevez un produit d\u00e9fectueux ou ne correspondant pas \u00e0 votre commande, nous ferons tout notre possible pour r\u00e9soudre le probl\u00e8me. Veuillez contacter notre service client dans les 48 heures suivant la r\u00e9ception et fournir des preuves pertinentes, telles que des photos.<\/p>\n<h4>4. Processus de retour<\/h4>\n<p>Pour initier un retour, veuillez contacter notre service client via les m\u00e9thodes suivantes :<\/p>\n<ul>\n<li>Courriel :<a href=\"mailto:info@shop.damao-tech.com\">info@shop.damao-tech.com<\/a><\/li>\n<li>T\u00e9l\u00e9phone : +86 186-6223-1992<\/li>\n<\/ul>\n<p>Nous discuterons de votre situation en d\u00e9tail et vous fournirons des instructions suppl\u00e9mentaires pour le retour, le cas \u00e9ch\u00e9ant.<\/p>\n<h4>5. Frais de retour<\/h4>\n<p>Si le retour est conforme \u00e0 cette politique, les clients sont responsables des frais de retour.<\/p>\n<h3>Conclusion<\/h3>\n<p>Veuillez lire attentivement cette politique de retour avant d&#039;effectuer votre achat. Pour toute question ou demande de pr\u00e9cisions, n&#039;h\u00e9sitez pas \u00e0 nous contacter. Merci de votre compr\u00e9hension et de votre coop\u00e9ration.<\/p>","protected":false},"excerpt":{"rendered":"<p>Return Policy Thank you for choosing our disposable protective products. Please read the following return policy carefully before making your purchase. 1. Return Restrictions As our products are primarily disposable protective items, to ensure the hygiene and quality safety, no returns will be accepted once the product has been shipped and used. This policy helps [&#8230;]\n","protected":false},"author":2,"featured_media":0,"parent":0,"menu_order":0,"comment_status":"closed","ping_status":"closed","template":"","meta":{"footnotes":""},"class_list":["post-8355","page","type-page","status-publish","hentry"],"_links":{"self":[{"href":"https:\/\/shop.damao-tech.com\/fr\/wp-json\/wp\/v2\/pages\/8355","targetHints":{"allow":["GET"]}}],"collection":[{"href":"https:\/\/shop.damao-tech.com\/fr\/wp-json\/wp\/v2\/pages"}],"about":[{"href":"https:\/\/shop.damao-tech.com\/fr\/wp-json\/wp\/v2\/types\/page"}],"author":[{"embeddable":true,"href":"https:\/\/shop.damao-tech.com\/fr\/wp-json\/wp\/v2\/users\/2"}],"replies":[{"embeddable":true,"href":"https:\/\/shop.damao-tech.com\/fr\/wp-json\/wp\/v2\/comments?post=8355"}],"version-history":[{"count":0,"href":"https:\/\/shop.damao-tech.com\/fr\/wp-json\/wp\/v2\/pages\/8355\/revisions"}],"wp:attachment":[{"href":"https:\/\/shop.damao-tech.com\/fr\/wp-json\/wp\/v2\/media?parent=8355"}],"curies":[{"name":"wp","href":"https:\/\/api.w.org\/{rel}","templated":true}]}}