{"id":10209,"date":"2026-04-11T06:57:44","date_gmt":"2026-04-11T06:57:44","guid":{"rendered":"https:\/\/shop.damao-tech.com\/"},"modified":"2026-04-14T05:36:39","modified_gmt":"2026-04-14T05:36:39","slug":"gants-en-nitrile-bleus-4-mil-avec-un-bon-grip","status":"publish","type":"product","link":"https:\/\/shop.damao-tech.com\/fr\/product\/gants-en-nitrile-bleus-4-mil-avec-un-bon-grip\/","title":{"rendered":"Gants en nitrile bleus, \u00e9paisseur 4 mil, grip fort"},"content":{"rendered":"<div style=\"display:grid; grid-template-columns:repeat(2,minmax(0,1fr)); gap:16px; align-items:stretch; width:100%;\">\n<section style=\"grid-column:1 \/ -1; padding:22px; border-radius:18px; background:#f5f5f7;\">\n<p style=\"margin:0 0 10px 0; color:#6b7280; letter-spacing:0.08em; text-transform:uppercase;\">Damao<\/p>\n<h2 style=\"margin:0 0 12px 0; color:#111827;\">Gants en nitrile bleus, \u00e9paisseur 4 mil, grip fort<\/h2>\n<p style=\"margin:0 0 12px 0; color:#4b5563;\">Les gants en nitrile offrent un \u00e9quilibre id\u00e9al entre le latex et le vinyle.<\/p>\n<p style=\"margin:0 0 12px 0; color:#4b5563;\">Fabriqu\u00e9s \u00e0 partir d'un compos\u00e9 hypoallerg\u00e9nique, ils offrent une sensation similaire au latex, mais sont plus solides et plus confortables.<\/p>\n<\/section>\n<section style=\"grid-column:span 1; padding:20px; border-radius:18px; background:#f5f5f7;\">\n<h3 style=\"margin:0 0 12px 0; color:#111827;\">Pourquoi les Acheteurs Le Choisent<\/h3>\n<ul style=\"margin:0; padding-left:18px; display:grid; gap:10px; color:#4b5563;\">\n<li style=\"margin:0; padding:0;\">Barri\u00e8re imperm\u00e9able contre les \u00e9claboussures et les contaminants<\/li>\n<li style=\"margin:0; padding:0;\">Surface en relief ou textur\u00e9e pour un confort et un grip am\u00e9lior\u00e9s<\/li>\n<li style=\"margin:0; padding:0;\">Structure respirante pour un port plus confortable<\/li>\n<li style=\"margin:0; padding:0;\">Con\u00e7us pour des routines exigeantes en cuisine, nettoyage ou industriel<\/li>\n<\/ul>\n<\/section>\n<section style=\"padding:20px; border-radius:18px; background:#f5f5f7;\">\n<h3 style=\"margin:0 0 12px 0; color:#111827;\">Meilleure Correspondance<\/h3>\n<ul style=\"margin:0; padding-left:18px; display:grid; gap:10px; color:#4b5563;\">\n<li style=\"margin:0; padding:0;\">Travail de laboratoire<\/li>\n<li style=\"margin:0; padding:0;\">Transformation des aliments<\/li>\n<li style=\"margin:0; padding:0;\">T\u00e2ches de maintenance<\/li>\n<li style=\"margin:0; padding:0;\">Lavage \u00e0 la main<\/li>\n<\/ul>\n<\/section>\n<section style=\"padding:20px; border-radius:18px; background:#f5f5f7;\">\n<h3 style=\"margin:0 0 12px 0; color:#111827;\">Sp\u00e9cifications Rapides<\/h3>\n<ul style=\"margin:0; padding:0; list-style:none; display:grid; grid-template-columns:repeat(2,minmax(0,1fr)); gap:10px; align-items:stretch;\">\n<li style=\"margin:0; padding:10px 12px; border-radius:14px; background:#f5f5f7; min-height:56px; display:flex; align-items:flex-start;\">Mat\u00e9riau : Nitrile<\/li>\n<li style=\"margin:0; padding:10px 12px; border-radius:14px; background:#f5f5f7; min-height:56px; display:flex; align-items:flex-start;\">4 Mil<\/li>\n<li style=\"margin:0; padding:10px 12px; border-radius:14px; background:#f5f5f7; min-height:56px; display:flex; align-items:flex-start;\">Couleur : Bleu<\/li>\n<\/ul>\n<\/section>\n<section style=\"grid-column:span 1; padding:20px; border:1px solid #dbe4f0; border-radius:16px; background:linear-gradient(135deg,#f7f9fc 0%,#eef3f8 100%);\">\n<h3 style=\"margin:0 0 12px 0; color:#111827;\">Gros et OEM<\/h3>\n<p style=\"margin:0; color:#4b5563;\">Damao pr\u00e9sente ce produit avec une structure d'acheteur plus claire tout en soutenant la communication de fourniture sp\u00e9cifique au secteur pour les \u00e9quipes de sourcing qui souhaitent une page plus propre et de meilleure qualit\u00e9.<\/p>\n<\/section>\n<\/div>","protected":false},"excerpt":{"rendered":"<p><strong>Gants en nitrile bleus, \u00e9paisseur 4 mil, grip fort<\/strong> con\u00e7us par Damao pour un usage m\u00e9dical, manipulation alimentaire et industriel avec une construction en nitrile, couleur bleue, 4 Mil, et protection imperm\u00e9able. Points forts : manipulation sans poudre, avec un soutien en gros et OEM disponible.<\/p>","protected":false},"featured_media":8554,"comment_status":"closed","ping_status":"closed","template":"","meta":[],"product_brand":[835],"product_cat":[278],"product_tag":[],"class_list":{"0":"post-10209","1":"product","2":"type-product","3":"status-publish","4":"has-post-thumbnail","6":"product_brand-damao","7":"product_cat-nitrile-gloves","9":"first","10":"instock","11":"shipping-taxable","12":"product-type-simple"},"_links":{"self":[{"href":"https:\/\/shop.damao-tech.com\/fr\/wp-json\/wp\/v2\/product\/10209","targetHints":{"allow":["GET"]}}],"collection":[{"href":"https:\/\/shop.damao-tech.com\/fr\/wp-json\/wp\/v2\/product"}],"about":[{"href":"https:\/\/shop.damao-tech.com\/fr\/wp-json\/wp\/v2\/types\/product"}],"replies":[{"embeddable":true,"href":"https:\/\/shop.damao-tech.com\/fr\/wp-json\/wp\/v2\/comments?post=10209"}],"wp:featuredmedia":[{"embeddable":true,"href":"https:\/\/shop.damao-tech.com\/fr\/wp-json\/wp\/v2\/media\/8554"}],"wp:attachment":[{"href":"https:\/\/shop.damao-tech.com\/fr\/wp-json\/wp\/v2\/media?parent=10209"}],"wp:term":[{"taxonomy":"product_brand","embeddable":true,"href":"https:\/\/shop.damao-tech.com\/fr\/wp-json\/wp\/v2\/product_brand?post=10209"},{"taxonomy":"product_cat","embeddable":true,"href":"https:\/\/shop.damao-tech.com\/fr\/wp-json\/wp\/v2\/product_cat?post=10209"},{"taxonomy":"product_tag","embeddable":true,"href":"https:\/\/shop.damao-tech.com\/fr\/wp-json\/wp\/v2\/product_tag?post=10209"}],"curies":[{"name":"wp","href":"https:\/\/api.w.org\/{rel}","templated":true}]}}