{"id":10222,"date":"2026-04-11T06:57:44","date_gmt":"2026-04-11T06:57:44","guid":{"rendered":"https:\/\/shop.damao-tech.com\/"},"modified":"2026-04-14T05:36:39","modified_gmt":"2026-04-14T05:36:39","slug":"gants-dexamen-sans-latex-sans-poudre-de-9-pouces","status":"publish","type":"product","link":"https:\/\/shop.damao-tech.com\/fr\/product\/gants-dexamen-sans-latex-sans-poudre-de-9-pouces\/","title":{"rendered":"Gants d'examen sans caoutchouc avec poudre 9 pouces"},"content":{"rendered":"<div style=\"display:grid; grid-template-columns:repeat(2,minmax(0,1fr)); gap:16px; align-items:stretch; width:100%;\">\n<section style=\"grid-column:1 \/ -1; padding:22px; border-radius:18px; background:#f5f5f7;\">\n<p style=\"margin:0 0 10px 0; color:#6b7280; letter-spacing:0.08em; text-transform:uppercase;\">Damao<\/p>\n<h2 style=\"margin:0 0 12px 0; color:#111827;\">Gants d'examen sans caoutchouc avec poudre 9 pouces<\/h2>\n<p style=\"margin:0 0 12px 0; color:#4b5563;\">Les gants d'examen en latex jetables sont fabriqu\u00e9s \u00e0 partir de latex naturel de l'arbre \u00e0 caoutchouc et ont une meilleure r\u00e9sistance aux piqures et aux d\u00e9chirures.<\/p>\n<p style=\"margin:0 0 12px 0; color:#4b5563;\">Administration des aliments et des m\u00e9dicaments (FDA) pour surveiller la s\u00e9curit\u00e9 des aliments, des m\u00e9dicaments et des cosm\u00e9tiques.<\/p>\n<\/section>\n<section style=\"grid-column:span 1; padding:20px; border-radius:18px; background:#f5f5f7;\">\n<h3 style=\"margin:0 0 12px 0; color:#111827;\">Pourquoi les Acheteurs Le Choisent<\/h3>\n<ul style=\"margin:0; padding-left:18px; display:grid; gap:10px; color:#4b5563;\">\n<li style=\"margin:0; padding:0;\">Traitement sans poudre pour des flux de travail quotidiens plus propres<\/li>\n<li style=\"margin:0; padding:0;\">Positionnement ax\u00e9 sur le contact alimentaire pour les flux de travail<\/li>\n<li style=\"margin:0; padding:0;\">Positionnement des gants d'examen pr\u00eat \u00e0 l'emploi avec une structure de page plus propre<\/li>\n<\/ul>\n<\/section>\n<section style=\"padding:20px; border-radius:18px; background:#f5f5f7;\">\n<h3 style=\"margin:0 0 12px 0; color:#111827;\">Meilleure Correspondance<\/h3>\n<ul style=\"margin:0; padding-left:18px; display:grid; gap:10px; color:#4b5563;\">\n<li style=\"margin:0; padding:0;\">Inspection m\u00e9dicale<\/li>\n<li style=\"margin:0; padding:0;\">Utilisation pour les examens<\/li>\n<li style=\"margin:0; padding:0;\">Routines de nettoyage<\/li>\n<li style=\"margin:0; padding:0;\">T\u00e2ches de protection quotidienne<\/li>\n<\/ul>\n<\/section>\n<section style=\"padding:20px; border-radius:18px; background:#f5f5f7;\">\n<h3 style=\"margin:0 0 12px 0; color:#111827;\">Sp\u00e9cifications Rapides<\/h3>\n<ul style=\"margin:0; padding:0; list-style:none; display:grid; grid-template-columns:repeat(2,minmax(0,1fr)); gap:10px; align-items:stretch;\">\n<li style=\"margin:0; padding:10px 12px; border-radius:14px; background:#f5f5f7; min-height:56px; display:flex; align-items:flex-start;\">Mat\u00e9riau : Latex<\/li>\n<li style=\"margin:0; padding:10px 12px; border-radius:14px; background:#f5f5f7; min-height:56px; display:flex; align-items:flex-start;\">9 Pouces<\/li>\n<\/ul>\n<\/section>\n<section style=\"grid-column:span 1; padding:20px; border:1px solid #dbe4f0; border-radius:16px; background:linear-gradient(135deg,#f7f9fc 0%,#eef3f8 100%);\">\n<h3 style=\"margin:0 0 12px 0; color:#111827;\">Gros et OEM<\/h3>\n<p style=\"margin:0; color:#4b5563;\">Damao pr\u00e9sente ce produit avec une structure d'acheteur plus claire tout en soutenant la communication de fourniture sp\u00e9cifique au secteur pour les \u00e9quipes de sourcing qui souhaitent une page plus propre et de meilleure qualit\u00e9.<\/p>\n<\/section>\n<\/div>","protected":false},"excerpt":{"rendered":"<p><strong>Gants d'examen sans caoutchouc avec poudre 9 pouces<\/strong> con\u00e7us par Damao pour les t\u00e2ches d'examen, de nettoyage et de protection quotidienne avec une construction en latex, de 9 pouces, et un traitement sans poudre. Les points forts incluent un grip textur\u00e9 pour un contr\u00f4le sup\u00e9rieur, avec un soutien en gros et OEM disponible.<\/p>","protected":false},"featured_media":968,"comment_status":"closed","ping_status":"closed","template":"","meta":[],"product_brand":[835],"product_cat":[290],"product_tag":[],"class_list":{"0":"post-10222","1":"product","2":"type-product","3":"status-publish","4":"has-post-thumbnail","6":"product_brand-damao","7":"product_cat-latex-gloves","9":"first","10":"instock","11":"shipping-taxable","12":"product-type-simple"},"_links":{"self":[{"href":"https:\/\/shop.damao-tech.com\/fr\/wp-json\/wp\/v2\/product\/10222","targetHints":{"allow":["GET"]}}],"collection":[{"href":"https:\/\/shop.damao-tech.com\/fr\/wp-json\/wp\/v2\/product"}],"about":[{"href":"https:\/\/shop.damao-tech.com\/fr\/wp-json\/wp\/v2\/types\/product"}],"replies":[{"embeddable":true,"href":"https:\/\/shop.damao-tech.com\/fr\/wp-json\/wp\/v2\/comments?post=10222"}],"wp:featuredmedia":[{"embeddable":true,"href":"https:\/\/shop.damao-tech.com\/fr\/wp-json\/wp\/v2\/media\/968"}],"wp:attachment":[{"href":"https:\/\/shop.damao-tech.com\/fr\/wp-json\/wp\/v2\/media?parent=10222"}],"wp:term":[{"taxonomy":"product_brand","embeddable":true,"href":"https:\/\/shop.damao-tech.com\/fr\/wp-json\/wp\/v2\/product_brand?post=10222"},{"taxonomy":"product_cat","embeddable":true,"href":"https:\/\/shop.damao-tech.com\/fr\/wp-json\/wp\/v2\/product_cat?post=10222"},{"taxonomy":"product_tag","embeddable":true,"href":"https:\/\/shop.damao-tech.com\/fr\/wp-json\/wp\/v2\/product_tag?post=10222"}],"curies":[{"name":"wp","href":"https:\/\/api.w.org\/{rel}","templated":true}]}}