{"id":10231,"date":"2026-04-11T06:57:44","date_gmt":"2026-04-11T06:57:44","guid":{"rendered":"https:\/\/shop.damao-tech.com\/"},"modified":"2026-04-14T05:36:39","modified_gmt":"2026-04-14T05:36:39","slug":"medical-hazmat-suit-65gsm-protective-coverall","status":"publish","type":"product","link":"https:\/\/shop.damao-tech.com\/fr\/product\/medical-hazmat-suit-65gsm-protective-coverall\/","title":{"rendered":"Combinaison de protection Hazmat m\u00e9dicale 65gsm"},"content":{"rendered":"<div style=\"display:grid; grid-template-columns:repeat(2,minmax(0,1fr)); gap:16px; align-items:stretch; width:100%;\">\n<section style=\"grid-column:1 \/ -1; padding:22px; border-radius:18px; background:#f5f5f7;\">\n<p style=\"margin:0 0 10px 0; color:#6b7280; letter-spacing:0.08em; text-transform:uppercase;\">Damao<\/p>\n<h2 style=\"margin:0 0 12px 0; color:#111827;\">Combinaison de protection Hazmat m\u00e9dicale 65gsm<\/h2>\n<p style=\"margin:0 0 12px 0; color:#4b5563;\">La protection est l'exigence de performance la plus importante de la combinaison de protection m\u00e9dicale contre les mati\u00e8res dangereuses, qui comprend principalement la barri\u00e8re contre les liquides, l'efficacit\u00e9 de la filtration, etc.<\/p>\n<p style=\"margin:0 0 12px 0; color:#4b5563;\">Liquid barrier properties mean that medical Hazmat Protective Suit should be able to resist water seepage, blood penetration, and surface moisture resistance.<\/p>\n<\/section>\n<section style=\"grid-column:span 1; padding:20px; border-radius:18px; background:#f5f5f7;\">\n<h3 style=\"margin:0 0 12px 0; color:#111827;\">Pourquoi les Acheteurs Le Choisent<\/h3>\n<ul style=\"margin:0; padding-left:18px; display:grid; gap:10px; color:#4b5563;\">\n<li style=\"margin:0; padding:0;\">Barri\u00e8re imperm\u00e9able contre les \u00e9claboussures et les contaminants<\/li>\n<li style=\"margin:0; padding:0;\">Structure respirante pour un port plus confortable<\/li>\n<li style=\"margin:0; padding:0;\">Disposable apparel framed for barrier protection<\/li>\n<\/ul>\n<\/section>\n<section style=\"padding:20px; border-radius:18px; background:#f5f5f7;\">\n<h3 style=\"margin:0 0 12px 0; color:#111827;\">Meilleure Correspondance<\/h3>\n<ul style=\"margin:0; padding-left:18px; display:grid; gap:10px; color:#4b5563;\">\n<li style=\"margin:0; padding:0;\">Inspection m\u00e9dicale<\/li>\n<li style=\"margin:0; padding:0;\">Zones de soutien m\u00e9dical<\/li>\n<li style=\"margin:0; padding:0;\">Flux de travail d'hygi\u00e8ne industrielle<\/li>\n<li style=\"margin:0; padding:0;\">Protection des visiteurs contr\u00f4l\u00e9e<\/li>\n<\/ul>\n<\/section>\n<section style=\"padding:20px; border-radius:18px; background:#f5f5f7;\">\n<h3 style=\"margin:0 0 12px 0; color:#111827;\">Sp\u00e9cifications Rapides<\/h3>\n<ul style=\"margin:0; padding:0; list-style:none; display:grid; grid-template-columns:repeat(2,minmax(0,1fr)); gap:10px; align-items:stretch;\">\n<li style=\"margin:0; padding:10px 12px; border-radius:14px; background:#f5f5f7; min-height:56px; display:flex; align-items:flex-start;\">Mat\u00e9riau : PE<\/li>\n<li style=\"margin:0; padding:10px 12px; border-radius:14px; background:#f5f5f7; min-height:56px; display:flex; align-items:flex-start;\">65gsm<\/li>\n<\/ul>\n<\/section>\n<section style=\"grid-column:span 1; padding:20px; border:1px solid #dbe4f0; border-radius:16px; background:linear-gradient(135deg,#f7f9fc 0%,#eef3f8 100%);\">\n<h3 style=\"margin:0 0 12px 0; color:#111827;\">Gros et OEM<\/h3>\n<p style=\"margin:0; color:#4b5563;\">Damao pr\u00e9sente ce produit avec une structure d'acheteur plus claire tout en soutenant la communication de fourniture sp\u00e9cifique au secteur pour les \u00e9quipes de sourcing qui souhaitent une page plus propre et de meilleure qualit\u00e9.<\/p>\n<\/section>\n<\/div>","protected":false},"excerpt":{"rendered":"<p><strong>Combinaison de protection Hazmat m\u00e9dicale 65gsm<\/strong> by Damao is built for medical, industrial, and hygiene settings with PE construction, 65gsm, and waterproof protection. Highlights include breathable wear comfort, with wholesale and OEM support available.<\/p>","protected":false},"featured_media":8576,"comment_status":"closed","ping_status":"closed","template":"","meta":[],"product_brand":[835],"product_cat":[413],"product_tag":[],"class_list":{"0":"post-10231","1":"product","2":"type-product","3":"status-publish","4":"has-post-thumbnail","6":"product_brand-damao","7":"product_cat-ppe","9":"first","10":"instock","11":"shipping-taxable","12":"product-type-simple"},"_links":{"self":[{"href":"https:\/\/shop.damao-tech.com\/fr\/wp-json\/wp\/v2\/product\/10231","targetHints":{"allow":["GET"]}}],"collection":[{"href":"https:\/\/shop.damao-tech.com\/fr\/wp-json\/wp\/v2\/product"}],"about":[{"href":"https:\/\/shop.damao-tech.com\/fr\/wp-json\/wp\/v2\/types\/product"}],"replies":[{"embeddable":true,"href":"https:\/\/shop.damao-tech.com\/fr\/wp-json\/wp\/v2\/comments?post=10231"}],"wp:featuredmedia":[{"embeddable":true,"href":"https:\/\/shop.damao-tech.com\/fr\/wp-json\/wp\/v2\/media\/8576"}],"wp:attachment":[{"href":"https:\/\/shop.damao-tech.com\/fr\/wp-json\/wp\/v2\/media?parent=10231"}],"wp:term":[{"taxonomy":"product_brand","embeddable":true,"href":"https:\/\/shop.damao-tech.com\/fr\/wp-json\/wp\/v2\/product_brand?post=10231"},{"taxonomy":"product_cat","embeddable":true,"href":"https:\/\/shop.damao-tech.com\/fr\/wp-json\/wp\/v2\/product_cat?post=10231"},{"taxonomy":"product_tag","embeddable":true,"href":"https:\/\/shop.damao-tech.com\/fr\/wp-json\/wp\/v2\/product_tag?post=10231"}],"curies":[{"name":"wp","href":"https:\/\/api.w.org\/{rel}","templated":true}]}}