{"id":10232,"date":"2026-04-11T06:57:48","date_gmt":"2026-04-11T06:57:48","guid":{"rendered":"https:\/\/shop.damao-tech.com\/"},"modified":"2026-04-14T05:36:39","modified_gmt":"2026-04-14T05:36:39","slug":"couvre-chaussures-jetables-65gsm-protecteur-antiderapant","status":"publish","type":"product","link":"https:\/\/shop.damao-tech.com\/fr\/product\/couvre-chaussures-jetables-65gsm-protecteur-antiderapant\/","title":{"rendered":"Chaussures de protection jetables 65gsm avec rev\u00eatement antid\u00e9rapant"},"content":{"rendered":"<div style=\"display:grid; grid-template-columns:repeat(2,minmax(0,1fr)); gap:16px; align-items:stretch; width:100%;\">\n<section style=\"grid-column:1 \/ -1; padding:22px; border-radius:18px; background:#f5f5f7;\">\n<p style=\"margin:0 0 10px 0; color:#6b7280; letter-spacing:0.08em; text-transform:uppercase;\">Damao<\/p>\n<h2 style=\"margin:0 0 12px 0; color:#111827;\">Chaussures de protection jetables 65gsm avec rev\u00eatement antid\u00e9rapant<\/h2>\n<p style=\"margin:0 0 12px 0; color:#4b5563;\">Couvre-chaussures jetables 65gsm protecteur antid\u00e9rapant est maintenant pr\u00e9sent\u00e9 dans une mise en page plus propre et plus structur\u00e9e con\u00e7ue pour \u00e9quilibrer la clart\u00e9 SEO avec une exp\u00e9rience d'achat premium.<\/p>\n<\/section>\n<section style=\"grid-column:span 1; padding:20px; border-radius:18px; background:#f5f5f7;\">\n<h3 style=\"margin:0 0 12px 0; color:#111827;\">Pourquoi les Acheteurs Le Choisent<\/h3>\n<ul style=\"margin:0; padding-left:18px; display:grid; gap:10px; color:#4b5563;\">\n<li style=\"margin:0; padding:0;\">Couverture hygi\u00e9nique pour des espaces contr\u00f4l\u00e9s<\/li>\n<\/ul>\n<\/section>\n<section style=\"padding:20px; border-radius:18px; background:#f5f5f7;\">\n<h3 style=\"margin:0 0 12px 0; color:#111827;\">Meilleure Correspondance<\/h3>\n<ul style=\"margin:0; padding-left:18px; display:grid; gap:10px; color:#4b5563;\">\n<li style=\"margin:0; padding:0;\">Points d'entr\u00e9e propres<\/li>\n<li style=\"margin:0; padding:0;\">Zones de soutien m\u00e9dical<\/li>\n<li style=\"margin:0; padding:0;\">Zones de travail contr\u00f4l\u00e9es<\/li>\n<\/ul>\n<\/section>\n<section style=\"padding:20px; border-radius:18px; background:#f5f5f7;\">\n<h3 style=\"margin:0 0 12px 0; color:#111827;\">Sp\u00e9cifications Rapides<\/h3>\n<ul style=\"margin:0; padding:0; list-style:none; display:grid; grid-template-columns:repeat(2,minmax(0,1fr)); gap:10px; align-items:stretch;\">\n<li style=\"margin:0; padding:10px 12px; border-radius:14px; background:#f5f5f7; min-height:56px; display:flex; align-items:flex-start;\">Mat\u00e9riau : PE<\/li>\n<li style=\"margin:0; padding:10px 12px; border-radius:14px; background:#f5f5f7; min-height:56px; display:flex; align-items:flex-start;\">65gsm<\/li>\n<\/ul>\n<\/section>\n<section style=\"grid-column:span 1; padding:20px; border:1px solid #dbe4f0; border-radius:16px; background:linear-gradient(135deg,#f7f9fc 0%,#eef3f8 100%);\">\n<h3 style=\"margin:0 0 12px 0; color:#111827;\">Gros et OEM<\/h3>\n<p style=\"margin:0; color:#4b5563;\">Damao pr\u00e9sente ce produit avec une structure plus claire pour les acheteurs tout en soutenant le soutien OEM, l'approvisionnement en gros et les commandes r\u00e9p\u00e9t\u00e9es pour les \u00e9quipes de sourcing qui souhaitent une page plus propre et de meilleure qualit\u00e9.<\/p>\n<\/section>\n<\/div>","protected":false},"excerpt":{"rendered":"<p><strong>Chaussures de protection jetables 65gsm avec rev\u00eatement antid\u00e9rapant<\/strong> par Damao est con\u00e7u pour des points d'entr\u00e9e propres et des environnements contr\u00f4l\u00e9s avec une construction en PE, 65gsm, et protection imperm\u00e9able. Les points forts incluent un confort de port respirant, avec un soutien en gros et OEM disponible.<\/p>","protected":false},"featured_media":1252,"comment_status":"closed","ping_status":"closed","template":"","meta":[],"product_brand":[835],"product_cat":[413],"product_tag":[],"class_list":{"0":"post-10232","1":"product","2":"type-product","3":"status-publish","4":"has-post-thumbnail","6":"product_brand-damao","7":"product_cat-ppe","9":"first","10":"instock","11":"shipping-taxable","12":"product-type-simple"},"_links":{"self":[{"href":"https:\/\/shop.damao-tech.com\/fr\/wp-json\/wp\/v2\/product\/10232","targetHints":{"allow":["GET"]}}],"collection":[{"href":"https:\/\/shop.damao-tech.com\/fr\/wp-json\/wp\/v2\/product"}],"about":[{"href":"https:\/\/shop.damao-tech.com\/fr\/wp-json\/wp\/v2\/types\/product"}],"replies":[{"embeddable":true,"href":"https:\/\/shop.damao-tech.com\/fr\/wp-json\/wp\/v2\/comments?post=10232"}],"wp:featuredmedia":[{"embeddable":true,"href":"https:\/\/shop.damao-tech.com\/fr\/wp-json\/wp\/v2\/media\/1252"}],"wp:attachment":[{"href":"https:\/\/shop.damao-tech.com\/fr\/wp-json\/wp\/v2\/media?parent=10232"}],"wp:term":[{"taxonomy":"product_brand","embeddable":true,"href":"https:\/\/shop.damao-tech.com\/fr\/wp-json\/wp\/v2\/product_brand?post=10232"},{"taxonomy":"product_cat","embeddable":true,"href":"https:\/\/shop.damao-tech.com\/fr\/wp-json\/wp\/v2\/product_cat?post=10232"},{"taxonomy":"product_tag","embeddable":true,"href":"https:\/\/shop.damao-tech.com\/fr\/wp-json\/wp\/v2\/product_tag?post=10232"}],"curies":[{"name":"wp","href":"https:\/\/api.w.org\/{rel}","templated":true}]}}