{"id":10244,"date":"2026-04-11T06:57:49","date_gmt":"2026-04-11T06:57:49","guid":{"rendered":"https:\/\/shop.damao-tech.com\/"},"modified":"2026-04-14T05:36:38","modified_gmt":"2026-04-14T05:36:38","slug":"pink-pearl-aloe-nitrile-gloves-durable-disposable","status":"publish","type":"product","link":"https:\/\/shop.damao-tech.com\/fr\/product\/pink-pearl-aloe-nitrile-gloves-durable-disposable\/","title":{"rendered":"Gants en nitrile Aloe Pearl Rose r\u00e9sistants et jetables"},"content":{"rendered":"<div style=\"display:grid; grid-template-columns:repeat(2,minmax(0,1fr)); gap:16px; align-items:stretch; width:100%;\">\n<section style=\"grid-column:1 \/ -1; padding:22px; border-radius:18px; background:#f5f5f7;\">\n<p style=\"margin:0 0 10px 0; color:#6b7280; letter-spacing:0.08em; text-transform:uppercase;\">Damao<\/p>\n<h2 style=\"margin:0 0 12px 0; color:#111827;\">Gants en nitrile Aloe Pearl Rose r\u00e9sistants et jetables<\/h2>\n<p style=\"margin:0 0 12px 0; color:#4b5563;\">Pink Pearl Powder-Free Nitrile Gloves deliver an exceptional blend of comfort, protection, and style.<\/p>\n<p style=\"margin:0 0 12px 0; color:#4b5563;\">Infused with an organic aloe vera lining , these gloves not only provide soothing relief but also offer superior protection with their durable nitrile material .<\/p>\n<\/section>\n<section style=\"grid-column:span 1; padding:20px; border-radius:18px; background:#f5f5f7;\">\n<h3 style=\"margin:0 0 12px 0; color:#111827;\">Pourquoi les Acheteurs Le Choisent<\/h3>\n<ul style=\"margin:0; padding-left:18px; display:grid; gap:10px; color:#4b5563;\">\n<li style=\"margin:0; padding:0;\">Surface en relief ou textur\u00e9e pour un confort et un grip am\u00e9lior\u00e9s<\/li>\n<li style=\"margin:0; padding:0;\">Traitement sans poudre pour des flux de travail quotidiens plus propres<\/li>\n<li style=\"margin:0; padding:0;\">Structure respirante pour un port plus confortable<\/li>\n<li style=\"margin:0; padding:0;\">Positionnement ax\u00e9 sur le contact alimentaire pour les flux de travail<\/li>\n<\/ul>\n<\/section>\n<section style=\"padding:20px; border-radius:18px; background:#f5f5f7;\">\n<h3 style=\"margin:0 0 12px 0; color:#111827;\">Meilleure Correspondance<\/h3>\n<ul style=\"margin:0; padding-left:18px; display:grid; gap:10px; color:#4b5563;\">\n<li style=\"margin:0; padding:0;\">Inspection m\u00e9dicale<\/li>\n<li style=\"margin:0; padding:0;\">Routines m\u00e9dicales<\/li>\n<li style=\"margin:0; padding:0;\">Manipulation alimentaire<\/li>\n<li style=\"margin:0; padding:0;\">Op\u00e9rations industrielles<\/li>\n<\/ul>\n<\/section>\n<section style=\"padding:20px; border-radius:18px; background:#f5f5f7;\">\n<h3 style=\"margin:0 0 12px 0; color:#111827;\">Sp\u00e9cifications Rapides<\/h3>\n<ul style=\"margin:0; padding:0; list-style:none; display:grid; grid-template-columns:repeat(2,minmax(0,1fr)); gap:10px; align-items:stretch;\">\n<li style=\"margin:0; padding:10px 12px; border-radius:14px; background:#f5f5f7; min-height:56px; display:flex; align-items:flex-start;\">Mat\u00e9riau : Nitrile<\/li>\n<li style=\"margin:0; padding:10px 12px; border-radius:14px; background:#f5f5f7; min-height:56px; display:flex; align-items:flex-start;\">Couleur : Rose<\/li>\n<\/ul>\n<\/section>\n<section style=\"grid-column:span 1; padding:20px; border:1px solid #dbe4f0; border-radius:16px; background:linear-gradient(135deg,#f7f9fc 0%,#eef3f8 100%);\">\n<h3 style=\"margin:0 0 12px 0; color:#111827;\">Gros et OEM<\/h3>\n<p style=\"margin:0; color:#4b5563;\">Damao pr\u00e9sente ce produit avec une structure d'achat plus claire tout en soutenant les commandes en vrac et la communication sp\u00e9cifique au secteur pour les \u00e9quipes de sourcing qui souhaitent une page plus propre et plus premium.<\/p>\n<\/section>\n<\/div>","protected":false},"excerpt":{"rendered":"<p><strong>Gants en nitrile Aloe Pearl Rose r\u00e9sistants et jetables<\/strong> by Damao is built for medical, food handling, and industrial use with Nitrile construction, pink color, and powder-free handling. Highlights include textured grip for better control, with wholesale and OEM support available.<\/p>","protected":false},"featured_media":8420,"comment_status":"closed","ping_status":"closed","template":"","meta":[],"product_brand":[835],"product_cat":[278],"product_tag":[],"class_list":{"0":"post-10244","1":"product","2":"type-product","3":"status-publish","4":"has-post-thumbnail","6":"product_brand-damao","7":"product_cat-nitrile-gloves","9":"first","10":"instock","11":"shipping-taxable","12":"product-type-simple"},"_links":{"self":[{"href":"https:\/\/shop.damao-tech.com\/fr\/wp-json\/wp\/v2\/product\/10244","targetHints":{"allow":["GET"]}}],"collection":[{"href":"https:\/\/shop.damao-tech.com\/fr\/wp-json\/wp\/v2\/product"}],"about":[{"href":"https:\/\/shop.damao-tech.com\/fr\/wp-json\/wp\/v2\/types\/product"}],"replies":[{"embeddable":true,"href":"https:\/\/shop.damao-tech.com\/fr\/wp-json\/wp\/v2\/comments?post=10244"}],"wp:featuredmedia":[{"embeddable":true,"href":"https:\/\/shop.damao-tech.com\/fr\/wp-json\/wp\/v2\/media\/8420"}],"wp:attachment":[{"href":"https:\/\/shop.damao-tech.com\/fr\/wp-json\/wp\/v2\/media?parent=10244"}],"wp:term":[{"taxonomy":"product_brand","embeddable":true,"href":"https:\/\/shop.damao-tech.com\/fr\/wp-json\/wp\/v2\/product_brand?post=10244"},{"taxonomy":"product_cat","embeddable":true,"href":"https:\/\/shop.damao-tech.com\/fr\/wp-json\/wp\/v2\/product_cat?post=10244"},{"taxonomy":"product_tag","embeddable":true,"href":"https:\/\/shop.damao-tech.com\/fr\/wp-json\/wp\/v2\/product_tag?post=10244"}],"curies":[{"name":"wp","href":"https:\/\/api.w.org\/{rel}","templated":true}]}}