{"id":12,"date":"2023-10-14T01:59:58","date_gmt":"2023-10-14T08:59:58","guid":{"rendered":"http:\/\/impreza.us-themes.net\/pages\/about\/"},"modified":"2026-04-12T05:43:56","modified_gmt":"2026-04-12T05:43:56","slug":"sobre","status":"publish","type":"page","link":"https:\/\/shop.damao-tech.com\/pt\/sobre\/","title":{"rendered":"Sobre N\u00f3s"},"content":{"rendered":"<h2 class=\"wp-block-heading has-text-align-center\">Quem Somos?<\/h2>\n\n\n\n<h3 class=\"wp-block-heading has-text-align-center has-theme-palette-1-color has-text-color has-link-color wp-elements-3994c801f05df0ed2e8753af4112dad1\"><strong>Suzhou Damao Produtos Di\u00e1rios Co., LTD<\/strong><\/h3>\n\n\n\n<figure class=\"wp-block-embed aligncenter is-type-rich is-provider-embed-handler wp-block-embed-embed-handler wp-embed-aspect-16-9 wp-has-aspect-ratio\"><div class=\"wp-block-embed__wrapper\">\n<iframe loading=\"lazy\" title=\"Damao Protetiva -03 #m\u00e1quina #vinylgloves #f\u00e1brica #nitrilegloves #tecnologia #luvasindustriais\" width=\"1020\" height=\"574\" src=\"https:\/\/www.youtube.com\/embed\/iWuii_Seo9g?feature=oembed\" frameborder=\"0\" allow=\"accelerometer; autoplay; clipboard-write; encrypted-media; gyroscope; picture-in-picture; web-share\" referrerpolicy=\"strict-origin-when-cross-origin\" allowfullscreen><\/iframe>\n<\/div><\/figure>\n\n\n\n<div style=\"font-family: 'Helvetica Neue', Helvetica, Arial, sans-serif; line-height: 1.8; color: #333333; background-color: #f4f7f6; padding: 30px; border-radius: 10px; box-shadow: 0 4px 12px rgba(0,0,0,0.1);\">\n\n    <h2 style=\"text-align: center; color: #4d94e7; font-size: 32px; margin-bottom: 35px; font-weight: bold; letter-spacing: 1px;\">\n        Descubra Damao: Seu Parceiro em Prote\u00e7\u00e3o e Inova\u00e7\u00e3o\n    <\/h2>\n\n    <p style=\"font-size: 17px; margin-bottom: 25px; text-align: justify; color: #555555;\">\n        Damao \u00e9 um fabricante e fornecedor distinguido e confi\u00e1vel de luvas de alta qualidade e uma ampla gama de equipamentos de prote\u00e7\u00e3o individual (EPI). Nossa marca \u00e9 <strong style=\"color: #4d94e7;\">reconhecida globalmente<\/strong> por um compromisso inabal\u00e1vel em fornecer produtos de primeira linha, solu\u00e7\u00f5es inovadoras e um servi\u00e7o ao cliente excepcional. Nosso objetivo \u00e9 proteger indiv\u00edduos em diversas ind\u00fastrias atrav\u00e9s de equipamentos de prote\u00e7\u00e3o confi\u00e1veis e avan\u00e7ados.\n    <\/p>\n\n    <div style=\"margin-bottom: 30px; padding: 20px; background-color: #ffffff; border-left: 6px solid #4d94e7; border-radius: 8px; box-shadow: 0 2px 6px rgba(0,0,0,0.05);\">\n        <h3 style=\"color: #4d94e7; font-size: 22px; margin-top: 0; margin-bottom: 15px; font-weight: 600;\">\n            D\u00e9cadas de Especializa\u00e7\u00e3o e Qualidade Intransigente\n        <\/h3>\n        <p style=\"font-size: 16px; margin-bottom: 10px; color: #555555; text-align: justify;\">\n            Com <strong style=\"color: #333;\">d\u00e9cadas de experi\u00eancia profunda<\/strong> servindo os setores de seguran\u00e7a industrial, servi\u00e7os de limpeza, servi\u00e7os aliment\u00edcios, processamento de alimentos e sa\u00fade, constru\u00edmos uma reputa\u00e7\u00e3o impec\u00e1vel por confiabilidade e excel\u00eancia. Todos nossos produtos s\u00e3o projetados e fabricados com tecnologia de ponta e sujeitos a rigorosos controles de qualidade, garantindo que sempre atendam e superem os mais altos padr\u00f5es internacionais. Essa riqueza de experi\u00eancia se traduz diretamente em produtos nos quais voc\u00ea pode confiar.\n        <\/p>\n    <\/div>\n\n    <div style=\"margin-bottom: 30px; padding: 20px; background-color: #ffffff; border-left: 6px solid #4d94e7; border-radius: 8px; box-shadow: 0 2px 6px rgba(0,0,0,0.05);\">\n        <h3 style=\"color: #4d94e7; font-size: 22px; margin-top: 0; margin-bottom: 15px; font-weight: 600;\">\n            Materiais Especializados e Foco em Produtos\n        <\/h3>\n        <p style=\"font-size: 16px; margin-bottom: 10px; color: #555555; text-align: justify;\">\n            Al\u00e9m de nossas ofertas principais de EPI, a Damao possui especializa\u00e7\u00e3o em materiais avan\u00e7ados. Somos proficientes na produ\u00e7\u00e3o de produtos de alto desempenho, elogiados por sua superior amortecimento, durabilidade e versatilidade. Esses s\u00e3o componentes essenciais para inser\u00e7\u00f5es protetoras, revestimentos anti-fadiga e v\u00e1rios componentes de seguran\u00e7a especializados. <strong style=\"color: #333;\">Espuma EVA<\/strong> Al\u00e9m disso, fabricamos e fornecemos solu\u00e7\u00f5es robustas\n        <\/p>\n        <p style=\"font-size: 16px; margin-bottom: 10px; color: #555555; text-align: justify;\">\n            Al\u00e9m disso, fabricamos e fornecemos robustos <strong style=\"color: #333;\">FILME DE POLI\u00c9STER<\/strong> Solu\u00e7\u00f5es Personalizadas e Servi\u00e7o Flex\u00edvel\n        <\/p>\n    <\/div>\n\n    <div style=\"margin-bottom: 30px; padding: 20px; background-color: #ffffff; border-left: 6px solid #4d94e7; border-radius: 8px; box-shadow: 0 2px 6px rgba(0,0,0,0.05);\">\n        <h3 style=\"color: #4d94e7; font-size: 22px; margin-top: 0; margin-bottom: 15px; font-weight: 600;\">\n            Temos grande orgulho da nossa capacidade \u00e1gil de\n        <\/h3>\n        <p style=\"font-size: 16px; margin-bottom: 10px; color: #555555; text-align: justify;\">\n            personalizar nossos servi\u00e7os e produtos <strong style=\"color: #333;\">personalizamos nossos servi\u00e7os e produtos<\/strong> Inova\u00e7\u00e3o Pioneira e Pr\u00e1ticas Sustent\u00e1veis\n        <\/p>\n    <\/div>\n\n    <div style=\"margin-bottom: 30px; padding: 20px; background-color: #ffffff; border-left: 6px solid #4d94e7; border-radius: 8px; box-shadow: 0 2px 6px rgba(0,0,0,0.05);\">\n        <h3 style=\"color: #4d94e7; font-size: 22px; margin-top: 0; margin-bottom: 15px; font-weight: 600;\">\n            Na Damao, entendemos a import\u00e2ncia de manter-se \u00e0 frente de um mercado altamente competitivo e em constante evolu\u00e7\u00e3o. \u00c9 por isso que\n        <\/h3>\n        <p style=\"font-size: 16px; margin-bottom: 10px; color: #555555; text-align: justify;\">\n            inovamos continuamente e investimos significativamente em pesquisa e desenvolvimento <strong style=\"color: #333;\">. Nosso objetivo \u00e9 oferecer verdadeiramente produtos de EPI de ponta que n\u00e3o apenas forne\u00e7am uma prote\u00e7\u00e3o superior, mas tamb\u00e9m aprimorem a confortabilidade e a usabilidade.<\/strong>Nosso compromisso com a inova\u00e7\u00e3o se estende \u00e0 responsabilidade ambiental. Ativamente integramos tecnologia avan\u00e7ada de\n        <\/p>\n        <p style=\"font-size: 16px; margin-bottom: 10px; color: #555555; text-align: justify;\">\n            Reciclagem <strong style=\"color: #333;\">M\u00e1quina de Reciclagem<\/strong> Nosso Compromisso Perene com Voc\u00ea\n        <\/p>\n    <\/div>\n\n    <div style=\"text-align: center; padding: 25px; background-color: #e0f0ff; border: 1px solid #4d94e7; border-radius: 8px; margin-top: 35px; box-shadow: 0 2px 6px rgba(77, 148, 231, 0.2);\">\n        <h3 style=\"color: #3a75c4; font-size: 22px; margin-top: 0; margin-bottom: 15px; font-weight: 600;\">\n            Nossa Promessa Perene para Voc\u00ea\n        <\/h3>\n        <p style=\"font-size: 17px; color: #333333; margin-bottom: 15px;\">\n            Escolha a Damao para todas as suas necessidades de EPI e materiais especializados. Experimente a profunda tranquilidade que vem de colaborar com uma empresa que coloca sua seguran\u00e7a, qualidade e satisfa\u00e7\u00e3o no cerne de suas opera\u00e7\u00f5es.\n        <\/p>\n        <p style=\"font-size: 18px; font-weight: bold; color: #4d94e7; margin-bottom: 0;\">\n            Damao: fabricante global confi\u00e1vel de EPI premium, luvas de alta qualidade, espuma EVA e filme de PE. Oferecemos solu\u00e7\u00f5es protetoras personalizadas, inovadoras e sustent\u00e1veis para diversas ind\u00fastrias.\n        <\/p>\n    <\/div>\n<\/div>\n\n\n\n<p><\/p>","protected":false},"excerpt":{"rendered":"<p>Who We Are \uff1f Suzhou Damao daily products Co., LTD Discover Damao: Your Partner in Protection &#038; Innovation Damao is a distinguished and trusted manufacturer and supplier of premium-quality gloves and a comprehensive range of personal protective equipment (PPE). Our brand is globally recognised for an unwavering commitment to delivering first-rate products, innovative solutions, and [&#8230;]\n","protected":false},"author":2,"featured_media":0,"parent":0,"menu_order":0,"comment_status":"closed","ping_status":"closed","template":"","meta":{"footnotes":""},"class_list":["post-12","page","type-page","status-publish","hentry"],"_links":{"self":[{"href":"https:\/\/shop.damao-tech.com\/pt\/wp-json\/wp\/v2\/pages\/12","targetHints":{"allow":["GET"]}}],"collection":[{"href":"https:\/\/shop.damao-tech.com\/pt\/wp-json\/wp\/v2\/pages"}],"about":[{"href":"https:\/\/shop.damao-tech.com\/pt\/wp-json\/wp\/v2\/types\/page"}],"author":[{"embeddable":true,"href":"https:\/\/shop.damao-tech.com\/pt\/wp-json\/wp\/v2\/users\/2"}],"replies":[{"embeddable":true,"href":"https:\/\/shop.damao-tech.com\/pt\/wp-json\/wp\/v2\/comments?post=12"}],"version-history":[{"count":1,"href":"https:\/\/shop.damao-tech.com\/pt\/wp-json\/wp\/v2\/pages\/12\/revisions"}],"predecessor-version":[{"id":10260,"href":"https:\/\/shop.damao-tech.com\/pt\/wp-json\/wp\/v2\/pages\/12\/revisions\/10260"}],"wp:attachment":[{"href":"https:\/\/shop.damao-tech.com\/pt\/wp-json\/wp\/v2\/media?parent=12"}],"curies":[{"name":"wp","href":"https:\/\/api.w.org\/{rel}","templated":true}]}}