{"id":3,"date":"2025-03-17T03:06:07","date_gmt":"2025-03-17T03:06:07","guid":{"rendered":"https:\/\/shop.damao-tech.com\/?page_id=3"},"modified":"2025-03-17T05:40:16","modified_gmt":"2025-03-17T05:40:16","slug":"politica-de-privacidade","status":"publish","type":"page","link":"https:\/\/shop.damao-tech.com\/pt\/politica-de-privacidade\/","title":{"rendered":"Pol\u00edtica de Privacidade"},"content":{"rendered":"<h2 class=\"wp-block-heading\">Quem somos<\/h2>\n\n\n<p><strong class=\"privacy-policy-tutorial\">Texto sugerido: <\/strong>O endere\u00e7o do nosso site \u00e9: https:\/\/shop.damao-tech.com.<\/p>\n\n\n<h2 class=\"wp-block-heading\">Coment\u00e1rios<\/h2>\n\n\n<p><strong class=\"privacy-policy-tutorial\">Texto sugerido: <\/strong>Quando visitantes deixam coment\u00e1rios no site, coletamos os dados mostrados no formul\u00e1rio de coment\u00e1rios, bem como o endere\u00e7o IP do visitante e a string do agente do navegador para ajudar na detec\u00e7\u00e3o de spam.<\/p>\n\n\n<p>Uma string an\u00f4nima criada a partir do seu endere\u00e7o de e-mail (tamb\u00e9m chamada de hash) pode ser fornecida ao servi\u00e7o Gravatar para verificar se voc\u00ea est\u00e1 usando. A pol\u00edtica de privacidade do servi\u00e7o Gravatar est\u00e1 dispon\u00edvel aqui: https:\/\/automattic.com\/privacy\/. Ap\u00f3s a aprova\u00e7\u00e3o do seu coment\u00e1rio, sua foto de perfil ser\u00e1 vis\u00edvel ao p\u00fablico no contexto do seu coment\u00e1rio.<\/p>\n\n\n<h2 class=\"wp-block-heading\">M\u00eddia<\/h2>\n\n\n<p><strong class=\"privacy-policy-tutorial\">Texto sugerido: <\/strong>Se voc\u00ea carregar imagens no site, deve evitar carregar imagens com dados de localiza\u00e7\u00e3o embutidos (EXIF GPS). Os visitantes do site podem baixar e extrair qualquer dados de localiza\u00e7\u00e3o das imagens no site.<\/p>\n\n\n<h2 class=\"wp-block-heading\">Cookies<\/h2>\n\n\n<p><strong class=\"privacy-policy-tutorial\">Texto sugerido: <\/strong>Se voc\u00ea deixar um coment\u00e1rio em nosso site, voc\u00ea pode optar por salvar seu nome, endere\u00e7o de e-mail e site em cookies. Esses cookies s\u00e3o para sua conveni\u00eancia, para que voc\u00ea n\u00e3o precise preencher seus detalhes novamente ao deixar outro coment\u00e1rio. Esses cookies duram um ano.<\/p>\n\n\n<p>Se voc\u00ea visitar nossa p\u00e1gina de login, configuraremos um cookie tempor\u00e1rio para determinar se seu navegador aceita cookies. Esse cookie n\u00e3o cont\u00e9m dados pessoais e \u00e9 descartado quando voc\u00ea fecha seu navegador.<\/p>\n\n\n<p>Quando voc\u00ea se logar, tamb\u00e9m configuraremos v\u00e1rios cookies para salvar suas informa\u00e7\u00f5es de login e suas op\u00e7\u00f5es de exibi\u00e7\u00e3o da tela. Os cookies de login duram dois dias, e os cookies de op\u00e7\u00f5es de tela duram um ano. Se voc\u00ea selecionar \"Lembre-me\", seu login persistir\u00e1 por duas semanas. Se voc\u00ea sair da sua conta, os cookies de login ser\u00e3o removidos.<\/p>\n\n\n<p>Se voc\u00ea editar ou publicar um artigo, um cookie adicional ser\u00e1 salvo no seu navegador. Esse cookie n\u00e3o inclui dados pessoais e simplesmente indica o ID do artigo que voc\u00ea acabou de editar. Ele expira ap\u00f3s 1 dia.<\/p>\n\n\n<h2 class=\"wp-block-heading\">Conte\u00fado embutido de outros sites<\/h2>\n\n\n<p><strong class=\"privacy-policy-tutorial\">Texto sugerido: <\/strong>Artigos neste site podem incluir conte\u00fado embutido (por exemplo, v\u00eddeos, imagens, artigos, etc.). O conte\u00fado embutido de outros sites se comporta exatamente da mesma forma que se o visitante visitasse o outro site.<\/p>\n\n\n<p>Esses sites podem coletar dados sobre voc\u00ea, usar cookies, embutir rastreamento de terceiros adicional e monitorar sua intera\u00e7\u00e3o com o conte\u00fado embutido, incluindo o rastreamento de sua intera\u00e7\u00e3o com o conte\u00fado embutido se voc\u00ea tiver uma conta e estiver logado no site.<\/p>\n\n\n<h2 class=\"wp-block-heading\">Com quem compartilhamos seus dados<\/h2>\n\n\n<p><strong class=\"privacy-policy-tutorial\">Texto sugerido: <\/strong>Se voc\u00ea solicitar uma redefini\u00e7\u00e3o de senha, seu endere\u00e7o IP ser\u00e1 inclu\u00eddo no e-mail de redefini\u00e7\u00e3o.<\/p>\n\n\n<h2 class=\"wp-block-heading\">Por quanto tempo retemos seus dados<\/h2>\n\n\n<p><strong class=\"privacy-policy-tutorial\">Texto sugerido: <\/strong>Se voc\u00ea deixar um coment\u00e1rio, o coment\u00e1rio e seus metadados ser\u00e3o retidos indefinidamente. Isso para que possamos reconhecer e aprovar automaticamente quaisquer coment\u00e1rios subsequentes, em vez de mant\u00ea-los na fila de modera\u00e7\u00e3o.<\/p>\n\n\n<p>Para usu\u00e1rios que se registram em nosso site (se houver), tamb\u00e9m armazenamos as informa\u00e7\u00f5es pessoais que eles fornecem em seus perfis de usu\u00e1rio. Todos os usu\u00e1rios podem ver, editar ou excluir suas informa\u00e7\u00f5es pessoais a qualquer momento (exceto que n\u00e3o podem mudar seu nome de usu\u00e1rio). Os administradores do site tamb\u00e9m podem ver e editar essas informa\u00e7\u00f5es.<\/p>\n\n\n<h2 class=\"wp-block-heading\">Quais direitos voc\u00ea tem sobre seus dados<\/h2>\n\n\n<p><strong class=\"privacy-policy-tutorial\">Texto sugerido: <\/strong>Se voc\u00ea tiver uma conta neste site ou tiver deixado coment\u00e1rios, voc\u00ea pode solicitar receber um arquivo exportado dos dados pessoais que possu\u00edmos sobre voc\u00ea, incluindo quaisquer dados que voc\u00ea nos forneceu. Voc\u00ea tamb\u00e9m pode solicitar que exclu\u00edmos quaisquer dados pessoais que possu\u00edmos sobre voc\u00ea. Isso n\u00e3o inclui quaisquer dados que estamos obrigados a manter para fins administrativos, legais ou de seguran\u00e7a.<\/p>\n\n\n<h2 class=\"wp-block-heading\">Para onde seus dados s\u00e3o enviados<\/h2>\n\n\n<p><strong class=\"privacy-policy-tutorial\">Texto sugerido: <\/strong>Coment\u00e1rios de visitantes podem ser verificados por um servi\u00e7o de detec\u00e7\u00e3o de spam automatizado.<\/p>","protected":false},"excerpt":{"rendered":"<p>Who we are Suggested text: Our website address is: https:\/\/shop.damao-tech.com. Comments Suggested text: When visitors leave comments on the site we collect the data shown in the comments form, and also the visitor&#8217;s IP address and browser user agent string to help spam detection. An anonymized string created from your email address (also called a [&#8230;]\n","protected":false},"author":1,"featured_media":0,"parent":0,"menu_order":0,"comment_status":"closed","ping_status":"closed","template":"","meta":{"footnotes":""},"class_list":["post-3","page","type-page","status-publish","hentry"],"_links":{"self":[{"href":"https:\/\/shop.damao-tech.com\/pt\/wp-json\/wp\/v2\/pages\/3","targetHints":{"allow":["GET"]}}],"collection":[{"href":"https:\/\/shop.damao-tech.com\/pt\/wp-json\/wp\/v2\/pages"}],"about":[{"href":"https:\/\/shop.damao-tech.com\/pt\/wp-json\/wp\/v2\/types\/page"}],"author":[{"embeddable":true,"href":"https:\/\/shop.damao-tech.com\/pt\/wp-json\/wp\/v2\/users\/1"}],"replies":[{"embeddable":true,"href":"https:\/\/shop.damao-tech.com\/pt\/wp-json\/wp\/v2\/comments?post=3"}],"version-history":[{"count":0,"href":"https:\/\/shop.damao-tech.com\/pt\/wp-json\/wp\/v2\/pages\/3\/revisions"}],"wp:attachment":[{"href":"https:\/\/shop.damao-tech.com\/pt\/wp-json\/wp\/v2\/media?parent=3"}],"curies":[{"name":"wp","href":"https:\/\/api.w.org\/{rel}","templated":true}]}}