{"id":10211,"date":"2026-04-11T06:57:44","date_gmt":"2026-04-11T06:57:44","guid":{"rendered":"https:\/\/shop.damao-tech.com\/"},"modified":"2026-04-14T05:36:39","modified_gmt":"2026-04-14T05:36:39","slug":"luvas-poliaxiais-de-comprimento-de-ombro-com-cobertura-ate-o-cotovelo","status":"publish","type":"product","link":"https:\/\/shop.damao-tech.com\/pt\/produto\/luvas-poliaxiais-de-comprimento-de-ombro-com-cobertura-ate-o-cotovelo\/","title":{"rendered":"Luvas Polia com Cobertura de Ombro"},"content":{"rendered":"<div style=\"display:grid; grid-template-columns:repeat(2,minmax(0,1fr)); gap:16px; align-items:stretch; width:100%;\">\n<section style=\"grid-column:1 \/ -1; padding:22px; border-radius:18px; background:#f5f5f7;\">\n<p style=\"margin:0 0 10px 0; color:#6b7280; letter-spacing:0.08em; text-transform:uppercase;\">Damao<\/p>\n<h2 style=\"margin:0 0 12px 0; color:#111827;\">Luvas Polia com Cobertura de Ombro<\/h2>\n<p style=\"margin:0 0 12px 0; color:#4b5563;\">Uma das caracter\u00edsticas destes gantos \u00e9 sua extens\u00e3o alongada, que atinge at\u00e9 35 polegadas para uma prote\u00e7\u00e3o e cobertura adicionais.<\/p>\n<p style=\"margin:0 0 12px 0; color:#4b5563;\">Seja para uso profissional ou pessoal, esses gantos oferecem durabilidade, prote\u00e7\u00e3o e versatilidade necess\u00e1rias para lidar com uma ampla gama de atividades de forma segura e confort\u00e1vel.<\/p>\n<\/section>\n<section style=\"grid-column:span 1; padding:20px; border-radius:18px; background:#f5f5f7;\">\n<h3 style=\"margin:0 0 12px 0; color:#111827;\">Porque os Compradores Escolhem Isso<\/h3>\n<ul style=\"margin:0; padding-left:18px; display:grid; gap:10px; color:#4b5563;\">\n<li style=\"margin:0; padding:0;\">Thumb loop or secure cuff support for better coverage<\/li>\n<li style=\"margin:0; padding:0;\">Estrutura respir\u00e1vel para maior conforto<\/li>\n<li style=\"margin:0; padding:0;\">Constru\u00eddo para rotinas exigentes de cozinha, limpeza ou industrial<\/li>\n<li style=\"margin:0; padding:0;\">Estrutura do produto limpa para avalia\u00e7\u00e3o do comprador mais r\u00e1pida<\/li>\n<\/ul>\n<\/section>\n<section style=\"padding:20px; border-radius:18px; background:#f5f5f7;\">\n<h3 style=\"margin:0 0 12px 0; color:#111827;\">Melhor Encaixe<\/h3>\n<ul style=\"margin:0; padding-left:18px; display:grid; gap:10px; color:#4b5563;\">\n<li style=\"margin:0; padding:0;\">Opera\u00e7\u00f5es di\u00e1rias<\/li>\n<li style=\"margin:0; padding:0;\">Fornecimento em atacado<\/li>\n<li style=\"margin:0; padding:0;\">Uso profissional<\/li>\n<\/ul>\n<\/section>\n<section style=\"padding:20px; border-radius:18px; background:#f5f5f7;\">\n<h3 style=\"margin:0 0 12px 0; color:#111827;\">Especifica\u00e7\u00f5es R\u00e1pidas<\/h3>\n<ul style=\"margin:0; padding:0; list-style:none; display:grid; grid-template-columns:repeat(2,minmax(0,1fr)); gap:10px; align-items:stretch;\">\n<li style=\"margin:0; padding:10px 12px; border-radius:14px; background:#f5f5f7; min-height:56px; display:flex; align-items:flex-start;\">Material: Polipropileno<\/li>\n<\/ul>\n<\/section>\n<section style=\"grid-column:span 1; padding:20px; border:1px solid #dbe4f0; border-radius:16px; background:linear-gradient(135deg,#f7f9fc 0%,#eef3f8 100%);\">\n<h3 style=\"margin:0 0 12px 0; color:#111827;\">Atacado &amp; OEM<\/h3>\n<p style=\"margin:0; color:#4b5563;\">A Damao apresenta este produto com uma estrutura mais clara para o comprador, enquanto suporta pedidos em grande quantidade, comunica\u00e7\u00e3o espec\u00edfica para o setor para equipes de aquisi\u00e7\u00e3o que desejam uma p\u00e1gina mais limpa e premium.<\/p>\n<\/section>\n<\/div>","protected":false},"excerpt":{"rendered":"<p><strong>Luvas Polia com Cobertura de Ombro<\/strong> Fabricado pela Damao, esses gantos s\u00e3o projetados para higiene, seguran\u00e7a e opera\u00e7\u00f5es di\u00e1rias com constru\u00e7\u00e3o de Poli\u00e9ster e prote\u00e7\u00e3o confi\u00e1vel para uso di\u00e1rio. Suporte a atacado e OEM dispon\u00edvel.<\/p>","protected":false},"featured_media":346,"comment_status":"closed","ping_status":"closed","template":"","meta":[],"product_brand":[835],"product_cat":[273,303],"product_tag":[],"class_list":{"0":"post-10211","1":"product","2":"type-product","3":"status-publish","4":"has-post-thumbnail","6":"product_brand-damao","7":"product_cat-disposable-gloves","8":"product_cat-pe-gloves","10":"first","11":"instock","12":"shipping-taxable","13":"product-type-simple"},"_links":{"self":[{"href":"https:\/\/shop.damao-tech.com\/pt\/wp-json\/wp\/v2\/product\/10211","targetHints":{"allow":["GET"]}}],"collection":[{"href":"https:\/\/shop.damao-tech.com\/pt\/wp-json\/wp\/v2\/product"}],"about":[{"href":"https:\/\/shop.damao-tech.com\/pt\/wp-json\/wp\/v2\/types\/product"}],"replies":[{"embeddable":true,"href":"https:\/\/shop.damao-tech.com\/pt\/wp-json\/wp\/v2\/comments?post=10211"}],"wp:featuredmedia":[{"embeddable":true,"href":"https:\/\/shop.damao-tech.com\/pt\/wp-json\/wp\/v2\/media\/346"}],"wp:attachment":[{"href":"https:\/\/shop.damao-tech.com\/pt\/wp-json\/wp\/v2\/media?parent=10211"}],"wp:term":[{"taxonomy":"product_brand","embeddable":true,"href":"https:\/\/shop.damao-tech.com\/pt\/wp-json\/wp\/v2\/product_brand?post=10211"},{"taxonomy":"product_cat","embeddable":true,"href":"https:\/\/shop.damao-tech.com\/pt\/wp-json\/wp\/v2\/product_cat?post=10211"},{"taxonomy":"product_tag","embeddable":true,"href":"https:\/\/shop.damao-tech.com\/pt\/wp-json\/wp\/v2\/product_tag?post=10211"}],"curies":[{"name":"wp","href":"https:\/\/api.w.org\/{rel}","templated":true}]}}