{"id":10220,"date":"2026-04-11T06:57:44","date_gmt":"2026-04-11T06:57:44","guid":{"rendered":"https:\/\/shop.damao-tech.com\/"},"modified":"2026-04-14T05:38:49","modified_gmt":"2026-04-14T05:38:49","slug":"blues-pe-aventais-a-prova-dagua-32-x-48-pol","status":"publish","type":"product","link":"https:\/\/shop.damao-tech.com\/pt\/produto\/blues-pe-aventais-a-prova-dagua-32-x-48-pol\/","title":{"rendered":"Aparas de PE Azul \u00e0 Prova d'\u00c1gua 32 x 48 in"},"content":{"rendered":"<div style=\"display:grid; grid-template-columns:repeat(2,minmax(0,1fr)); gap:16px; align-items:stretch; width:100%;\">\n<section style=\"grid-column:1 \/ -1; padding:22px; border-radius:18px; background:#f5f5f7;\">\n<p style=\"margin:0 0 10px 0; color:#6b7280; letter-spacing:0.08em; text-transform:uppercase;\">Damao<\/p>\n<h2 style=\"margin:0 0 12px 0; color:#111827;\">Aparas de PE Azul \u00e0 Prova d'\u00c1gua 32 x 48 in<\/h2>\n<p style=\"margin:0 0 12px 0; color:#4b5563;\">Os Aparas Azuis de PE s\u00e3o roupas protetoras feitas de polietileno, projetadas para serem imperme\u00e1veis e reduzir o risco de infec\u00e7\u00e3o, impedindo que o sangue, fluidos corporais e outras subst\u00e2ncias passem atrav\u00e9s.<\/p>\n<p style=\"margin:0 0 12px 0; color:#4b5563;\">Para garantir a economia, o avental \u00e9 feito de polietileno fino e possui uma superf\u00edcie gravada para evitar que se adira ao usu\u00e1rio.<\/p>\n<\/section>\n<section style=\"grid-column:span 1; padding:20px; border-radius:18px; background:#f5f5f7;\">\n<h3 style=\"margin:0 0 12px 0; color:#111827;\">Porque os Compradores Escolhem Isso<\/h3>\n<ul style=\"margin:0; padding-left:18px; display:grid; gap:10px; color:#4b5563;\">\n<li style=\"margin:0; padding:0;\">Barreira \u00e0 prova d'\u00e1gua contra jatos e contaminantes<\/li>\n<li style=\"margin:0; padding:0;\">Superf\u00edcie gravada ou texturizada para melhor conforto e grip<\/li>\n<li style=\"margin:0; padding:0;\">Constru\u00eddo para rotinas exigentes de cozinha, limpeza ou industrial<\/li>\n<li style=\"margin:0; padding:0;\">Posicionamento direcionado para contato alimentar para fluxos de trabalho<\/li>\n<\/ul>\n<\/section>\n<section style=\"padding:20px; border-radius:18px; background:#f5f5f7;\">\n<h3 style=\"margin:0 0 12px 0; color:#111827;\">Melhor Encaixe<\/h3>\n<ul style=\"margin:0; padding-left:18px; display:grid; gap:10px; color:#4b5563;\">\n<li style=\"margin:0; padding:0;\">Processamento de alimentos<\/li>\n<li style=\"margin:0; padding:0;\">Esta\u00e7\u00f5es de sal\u00e3o e barbeiro<\/li>\n<li style=\"margin:0; padding:0;\">\u00c1reas de prepara\u00e7\u00e3o e servi\u00e7o de alimentos<\/li>\n<li style=\"margin:0; padding:0;\">Rotinas de higiene geral<\/li>\n<\/ul>\n<\/section>\n<section style=\"padding:20px; border-radius:18px; background:#f5f5f7;\">\n<h3 style=\"margin:0 0 12px 0; color:#111827;\">Especifica\u00e7\u00f5es R\u00e1pidas<\/h3>\n<ul style=\"margin:0; padding:0; list-style:none; display:grid; grid-template-columns:repeat(2,minmax(0,1fr)); gap:10px; align-items:stretch;\">\n<li style=\"margin:0; padding:10px 12px; border-radius:14px; background:#f5f5f7; min-height:56px; display:flex; align-items:flex-start;\">Material: PE<\/li>\n<li style=\"margin:0; padding:10px 12px; border-radius:14px; background:#f5f5f7; min-height:56px; display:flex; align-items:flex-start;\">32 x 48 cm<\/li>\n<li style=\"margin:0; padding:10px 12px; border-radius:14px; background:#f5f5f7; min-height:56px; display:flex; align-items:flex-start;\">Color: Blue<\/li>\n<\/ul>\n<\/section>\n<section style=\"grid-column:span 1; padding:20px; border:1px solid #dbe4f0; border-radius:16px; background:linear-gradient(135deg,#f7f9fc 0%,#eef3f8 100%);\">\n<h3 style=\"margin:0 0 12px 0; color:#111827;\">Atacado &amp; OEM<\/h3>\n<p style=\"margin:0; color:#4b5563;\">Damao apresenta este produto com uma estrutura mais clara para o comprador, enquanto suporta a comunica\u00e7\u00e3o de abastecimento espec\u00edfica para setores para equipes de aquisi\u00e7\u00e3o que desejam uma p\u00e1gina mais limpa e premium.<\/p>\n<\/section>\n<\/div>","protected":false},"excerpt":{"rendered":"<p><strong>Aparas de PE Azul \u00e0 Prova d'\u00c1gua 32 x 48 in<\/strong> por Damao, constru\u00eddo para sal\u00f5es, servi\u00e7os alimentares e trabalho de higiene com constru\u00e7\u00e3o em PE, cor azul, 32 x 48 cm, e prote\u00e7\u00e3o \u00e0 prova d'\u00e1gua. Destaques incluem textura em relevo para conforto, com suporte de atacado e OEM dispon\u00edvel.<\/p>","protected":false},"featured_media":1770,"comment_status":"closed","ping_status":"closed","template":"","meta":[],"product_brand":[835],"product_cat":[315],"product_tag":[],"class_list":{"0":"post-10220","1":"product","2":"type-product","3":"status-publish","4":"has-post-thumbnail","6":"product_brand-damao","7":"product_cat-plastic-aprons","9":"first","10":"instock","11":"shipping-taxable","12":"product-type-simple"},"_links":{"self":[{"href":"https:\/\/shop.damao-tech.com\/pt\/wp-json\/wp\/v2\/product\/10220","targetHints":{"allow":["GET"]}}],"collection":[{"href":"https:\/\/shop.damao-tech.com\/pt\/wp-json\/wp\/v2\/product"}],"about":[{"href":"https:\/\/shop.damao-tech.com\/pt\/wp-json\/wp\/v2\/types\/product"}],"replies":[{"embeddable":true,"href":"https:\/\/shop.damao-tech.com\/pt\/wp-json\/wp\/v2\/comments?post=10220"}],"wp:featuredmedia":[{"embeddable":true,"href":"https:\/\/shop.damao-tech.com\/pt\/wp-json\/wp\/v2\/media\/1770"}],"wp:attachment":[{"href":"https:\/\/shop.damao-tech.com\/pt\/wp-json\/wp\/v2\/media?parent=10220"}],"wp:term":[{"taxonomy":"product_brand","embeddable":true,"href":"https:\/\/shop.damao-tech.com\/pt\/wp-json\/wp\/v2\/product_brand?post=10220"},{"taxonomy":"product_cat","embeddable":true,"href":"https:\/\/shop.damao-tech.com\/pt\/wp-json\/wp\/v2\/product_cat?post=10220"},{"taxonomy":"product_tag","embeddable":true,"href":"https:\/\/shop.damao-tech.com\/pt\/wp-json\/wp\/v2\/product_tag?post=10220"}],"curies":[{"name":"wp","href":"https:\/\/api.w.org\/{rel}","templated":true}]}}