{"id":10227,"date":"2026-04-11T06:57:44","date_gmt":"2026-04-11T06:57:44","guid":{"rendered":"https:\/\/shop.damao-tech.com\/"},"modified":"2026-04-14T05:38:49","modified_gmt":"2026-04-14T05:38:49","slug":"mascara-branca-de-3-camadas-com-elasticos-de-orelha-nivel-astm-1","status":"publish","type":"product","link":"https:\/\/shop.damao-tech.com\/pt\/produto\/mascara-branca-de-3-camadas-com-elasticos-de-orelha-nivel-astm-1\/","title":{"rendered":"M\u00e1scara Facial Branca de 3 Camadas com Fecho de Orelha ASTM N\u00edvel 1"},"content":{"rendered":"<div style=\"display:grid; grid-template-columns:repeat(2,minmax(0,1fr)); gap:16px; align-items:stretch; width:100%;\">\n<section style=\"grid-column:1 \/ -1; padding:22px; border-radius:18px; background:#f5f5f7;\">\n<p style=\"margin:0 0 10px 0; color:#6b7280; letter-spacing:0.08em; text-transform:uppercase;\">Damao<\/p>\n<h2 style=\"margin:0 0 12px 0; color:#111827;\">M\u00e1scara Facial Branca de 3 Camadas com Fecho de Orelha ASTM N\u00edvel 1<\/h2>\n<p style=\"margin:0 0 12px 0; color:#4b5563;\">M\u00e1scara descart\u00e1vel facial trilaminar \u00e9 feita de tr\u00eas camadas de material polipropileno e possui pregas bidirecionais e um suporte nasal ajust\u00e1vel para um ajuste personalizado.<\/p>\n<p style=\"margin:0 0 12px 0; color:#4b5563;\">Oferece prote\u00e7\u00e3o contra irritantes no ar e previne contamina\u00e7\u00e3o em ambientes de uso geral.<\/p>\n<\/section>\n<section style=\"grid-column:span 1; padding:20px; border-radius:18px; background:#f5f5f7;\">\n<h3 style=\"margin:0 0 12px 0; color:#111827;\">Porque os Compradores Escolhem Isso<\/h3>\n<ul style=\"margin:0; padding-left:18px; display:grid; gap:10px; color:#4b5563;\">\n<li style=\"margin:0; padding:0;\">Estrutura respir\u00e1vel para maior conforto<\/li>\n<li style=\"margin:0; padding:0;\">Posicionamento direcionado para contato alimentar para fluxos de trabalho<\/li>\n<li style=\"margin:0; padding:0;\">Posicionamento protetor claro para uso di\u00e1rio e em ambiente de trabalho<\/li>\n<\/ul>\n<\/section>\n<section style=\"padding:20px; border-radius:18px; background:#f5f5f7;\">\n<h3 style=\"margin:0 0 12px 0; color:#111827;\">Melhor Encaixe<\/h3>\n<ul style=\"margin:0; padding-left:18px; display:grid; gap:10px; color:#4b5563;\">\n<li style=\"margin:0; padding:0;\">Uso di\u00e1rio<\/li>\n<li style=\"margin:0; padding:0;\">Ambientes de trabalho<\/li>\n<li style=\"margin:0; padding:0;\">Ambientes expostos ao p\u00fablico<\/li>\n<\/ul>\n<\/section>\n<section style=\"padding:20px; border-radius:18px; background:#f5f5f7;\">\n<h3 style=\"margin:0 0 12px 0; color:#111827;\">Especifica\u00e7\u00f5es R\u00e1pidas<\/h3>\n<ul style=\"margin:0; padding:0; list-style:none; display:grid; grid-template-columns:repeat(2,minmax(0,1fr)); gap:10px; align-items:stretch;\">\n<li style=\"margin:0; padding:10px 12px; border-radius:14px; background:#f5f5f7; min-height:56px; display:flex; align-items:flex-start;\">ASTM N\u00edvel 1<\/li>\n<li style=\"margin:0; padding:10px 12px; border-radius:14px; background:#f5f5f7; min-height:56px; display:flex; align-items:flex-start;\">Cor: Branca<\/li>\n<\/ul>\n<\/section>\n<section style=\"grid-column:span 1; padding:20px; border:1px solid #dbe4f0; border-radius:16px; background:linear-gradient(135deg,#f7f9fc 0%,#eef3f8 100%);\">\n<h3 style=\"margin:0 0 12px 0; color:#111827;\">Atacado &amp; OEM<\/h3>\n<p style=\"margin:0; color:#4b5563;\">A Damao apresenta este produto com uma estrutura mais clara para o comprador, enquanto oferece suporte para personaliza\u00e7\u00e3o, encomendas em grande quantidade, comunica\u00e7\u00e3o de fornecimento espec\u00edfico para setores para equipes de sourcing que desejam uma p\u00e1gina mais limpa e premium.<\/p>\n<\/section>\n<\/div>","protected":false},"excerpt":{"rendered":"<p><strong>M\u00e1scara Facial Branca de 3 Camadas com Fecho de Orelha ASTM N\u00edvel 1<\/strong> Fabricada pela Damao, esta m\u00e1scara \u00e9 projetada para uso di\u00e1rio, em ambiente de trabalho e para prote\u00e7\u00e3o geral, dispon\u00edvel em branco, ASTM N\u00edvel 1 e conforto sem l\u00e1tex. Destaques incluem prote\u00e7\u00e3o descart\u00e1vel respir\u00e1vel, com suporte em atacado e OEM dispon\u00edveis.<\/p>","protected":false},"featured_media":1181,"comment_status":"open","ping_status":"closed","template":"","meta":[],"product_brand":[835],"product_cat":[396],"product_tag":[],"class_list":{"0":"post-10227","1":"product","2":"type-product","3":"status-publish","4":"has-post-thumbnail","6":"product_brand-damao","7":"product_cat-face-mask","9":"first","10":"instock","11":"shipping-taxable","12":"product-type-simple"},"_links":{"self":[{"href":"https:\/\/shop.damao-tech.com\/pt\/wp-json\/wp\/v2\/product\/10227","targetHints":{"allow":["GET"]}}],"collection":[{"href":"https:\/\/shop.damao-tech.com\/pt\/wp-json\/wp\/v2\/product"}],"about":[{"href":"https:\/\/shop.damao-tech.com\/pt\/wp-json\/wp\/v2\/types\/product"}],"replies":[{"embeddable":true,"href":"https:\/\/shop.damao-tech.com\/pt\/wp-json\/wp\/v2\/comments?post=10227"}],"wp:featuredmedia":[{"embeddable":true,"href":"https:\/\/shop.damao-tech.com\/pt\/wp-json\/wp\/v2\/media\/1181"}],"wp:attachment":[{"href":"https:\/\/shop.damao-tech.com\/pt\/wp-json\/wp\/v2\/media?parent=10227"}],"wp:term":[{"taxonomy":"product_brand","embeddable":true,"href":"https:\/\/shop.damao-tech.com\/pt\/wp-json\/wp\/v2\/product_brand?post=10227"},{"taxonomy":"product_cat","embeddable":true,"href":"https:\/\/shop.damao-tech.com\/pt\/wp-json\/wp\/v2\/product_cat?post=10227"},{"taxonomy":"product_tag","embeddable":true,"href":"https:\/\/shop.damao-tech.com\/pt\/wp-json\/wp\/v2\/product_tag?post=10227"}],"curies":[{"name":"wp","href":"https:\/\/api.w.org\/{rel}","templated":true}]}}